{"id":2765,"date":"2021-03-30T22:13:46","date_gmt":"2021-03-30T20:13:46","guid":{"rendered":"https:\/\/www.pappalapub.at\/?post_type=product&#038;p=2765"},"modified":"2024-06-19T17:09:58","modified_gmt":"2024-06-19T15:09:58","slug":"mayer-hormann-gruner-veltliner-barrique-2020","status":"publish","type":"product","link":"https:\/\/www.pappalapub.at\/en\/product\/mayer-hormann-gruner-veltliner-barrique-2020\/","title":{"rendered":"Mayer-H\u00f6rmann Gr\u00fcner Veltliner Barrique 2020"},"content":{"rendered":"<div>\n<p>Ried Rosenberg.\u00a0Limited edition!<\/p>\n<\/div>\n<div>\n<p>Kr\u00e4ftiger Veltliner auf der Feinhefe im neuen Holzfass ausgebaut, Einladende gelbe Tropenfrucht, dezent unterlegte Kr\u00e4uterw\u00fcrze und Touch von Vanille, dezentes Holz. Kraftvoll, saftig, sehr gute Komplexit\u00e4t.<\/p>\n<p>Ernte 2020, Alkohol: 14 %, S\u00e4ure: 4,8\u2030,\u00a04,0 RZ trocken.<\/p>\n<\/div>","protected":false},"excerpt":{"rendered":"<p>Ried Rosenberg.\u00a0Limited edition! Kr\u00e4ftiger Veltliner auf der Feinhefe im neuen Holzfass ausgebaut, Einladende gelbe Tropenfrucht, dezent unterlegte Kr\u00e4uterw\u00fcrze und Touch von Vanille, dezentes Holz. Kraftvoll, saftig, sehr gute Komplexit\u00e4t. Ernte 2020, Alkohol: 14 %, S\u00e4ure: 4,8\u2030,\u00a04,0 RZ trocken.<\/p>","protected":false},"featured_media":2754,"template":"","meta":[],"product_brand":[],"product_cat":[92],"product_tag":[],"class_list":{"0":"post-2765","1":"product","2":"type-product","3":"status-publish","4":"has-post-thumbnail","6":"product_cat-wein","8":"first","9":"instock","10":"taxable","11":"shipping-taxable","12":"purchasable","13":"product-type-simple"},"yoast_head":"<!-- This site is optimized with the Yoast SEO Premium plugin v27.6 (Yoast SEO v27.6) - https:\/\/yoast.com\/product\/yoast-seo-premium-wordpress\/ -->\n<title>Mayer-H\u00f6rmann Gr\u00fcner Veltliner Barrique 2020 - Pappala Pub | Dein Pub in Wien<\/title>\n<meta name=\"description\" content=\"Mayer-H\u00f6rmann Gr\u00fcner Veltliner Barrique 2020: Kr\u00e4ftiger Veltliner aus Ried Rosenberg, limitierte Edition! Ausgebaut auf der Feinhefe im neuen Holzfass. Aromen von gelber Tropenfrucht, Kr\u00e4uterw\u00fcrze und Vanille. Kraftvoll, saftig und komplex. Ernte 2020, Alkohol 14%.\" \/>\n<meta name=\"robots\" content=\"index, follow, max-snippet:-1, max-image-preview:large, max-video-preview:-1\" \/>\n<link rel=\"canonical\" href=\"https:\/\/www.pappalapub.at\/en\/product\/mayer-hormann-gruner-veltliner-barrique-2020\/\" \/>\n<meta property=\"og:locale\" content=\"en_GB\" \/>\n<meta property=\"og:type\" content=\"article\" \/>\n<meta property=\"og:title\" content=\"Mayer-H\u00f6rmann Gr\u00fcner Veltliner Barrique 2020\" \/>\n<meta property=\"og:description\" content=\"Mayer-H\u00f6rmann Gr\u00fcner Veltliner Barrique 2020: Kr\u00e4ftiger Veltliner aus Ried Rosenberg, limitierte Edition! Ausgebaut auf der Feinhefe im neuen Holzfass. Aromen von gelber Tropenfrucht, Kr\u00e4uterw\u00fcrze und Vanille. Kraftvoll, saftig und komplex. Ernte 2020, Alkohol 14%.\" \/>\n<meta property=\"og:url\" content=\"https:\/\/www.pappalapub.at\/en\/product\/mayer-hormann-gruner-veltliner-barrique-2020\/\" \/>\n<meta property=\"og:site_name\" content=\"Pappala Pub | Dein Pub in Wien\" \/>\n<meta property=\"article:publisher\" content=\"https:\/\/www.facebook.com\/PappalaPub\/\" \/>\n<meta property=\"article:modified_time\" content=\"2024-06-19T15:09:58+00:00\" \/>\n<meta property=\"og:image\" content=\"https:\/\/www.pappalapub.at\/wp-content\/uploads\/2021\/03\/mayer-gvbarrique-new-1.png\" \/>\n\t<meta property=\"og:image:width\" content=\"859\" \/>\n\t<meta property=\"og:image:height\" content=\"859\" \/>\n\t<meta property=\"og:image:type\" content=\"image\/png\" \/>\n<meta name=\"twitter:card\" content=\"summary_large_image\" \/>\n<meta name=\"twitter:label1\" content=\"Est. reading time\" \/>\n\t<meta name=\"twitter:data1\" content=\"1 minute\" \/>\n<script type=\"application\/ld+json\" class=\"yoast-schema-graph\">{\"@context\":\"https:\\\/\\\/schema.org\",\"@graph\":[{\"@type\":\"WebPage\",\"@id\":\"https:\\\/\\\/www.pappalapub.at\\\/product\\\/mayer-hormann-gruner-veltliner-barrique-2020\\\/\",\"url\":\"https:\\\/\\\/www.pappalapub.at\\\/product\\\/mayer-hormann-gruner-veltliner-barrique-2020\\\/\",\"name\":\"Mayer-H\u00f6rmann Gr\u00fcner Veltliner Barrique 2020 - Pappala Pub | Dein Pub in Wien\",\"isPartOf\":{\"@id\":\"https:\\\/\\\/www.pappalapub.at\\\/#website\"},\"primaryImageOfPage\":{\"@id\":\"https:\\\/\\\/www.pappalapub.at\\\/product\\\/mayer-hormann-gruner-veltliner-barrique-2020\\\/#primaryimage\"},\"image\":{\"@id\":\"https:\\\/\\\/www.pappalapub.at\\\/product\\\/mayer-hormann-gruner-veltliner-barrique-2020\\\/#primaryimage\"},\"thumbnailUrl\":\"https:\\\/\\\/i0.wp.com\\\/www.pappalapub.at\\\/wp-content\\\/uploads\\\/2021\\\/03\\\/mayer-gvbarrique-new-1.png?fit=859%2C859&ssl=1\",\"datePublished\":\"2021-03-30T20:13:46+00:00\",\"dateModified\":\"2024-06-19T15:09:58+00:00\",\"description\":\"Mayer-H\u00f6rmann Gr\u00fcner Veltliner Barrique 2020: Kr\u00e4ftiger Veltliner aus Ried Rosenberg, limitierte Edition! Ausgebaut auf der Feinhefe im neuen Holzfass. Aromen von gelber Tropenfrucht, Kr\u00e4uterw\u00fcrze und Vanille. Kraftvoll, saftig und komplex. Ernte 2020, Alkohol 14%.\",\"breadcrumb\":{\"@id\":\"https:\\\/\\\/www.pappalapub.at\\\/product\\\/mayer-hormann-gruner-veltliner-barrique-2020\\\/#breadcrumb\"},\"inLanguage\":\"en-GB\",\"potentialAction\":[{\"@type\":\"ReadAction\",\"target\":[\"https:\\\/\\\/www.pappalapub.at\\\/product\\\/mayer-hormann-gruner-veltliner-barrique-2020\\\/\"]}]},{\"@type\":\"ImageObject\",\"inLanguage\":\"en-GB\",\"@id\":\"https:\\\/\\\/www.pappalapub.at\\\/product\\\/mayer-hormann-gruner-veltliner-barrique-2020\\\/#primaryimage\",\"url\":\"https:\\\/\\\/i0.wp.com\\\/www.pappalapub.at\\\/wp-content\\\/uploads\\\/2021\\\/03\\\/mayer-gvbarrique-new-1.png?fit=859%2C859&ssl=1\",\"contentUrl\":\"https:\\\/\\\/i0.wp.com\\\/www.pappalapub.at\\\/wp-content\\\/uploads\\\/2021\\\/03\\\/mayer-gvbarrique-new-1.png?fit=859%2C859&ssl=1\",\"width\":859,\"height\":859},{\"@type\":\"BreadcrumbList\",\"@id\":\"https:\\\/\\\/www.pappalapub.at\\\/product\\\/mayer-hormann-gruner-veltliner-barrique-2020\\\/#breadcrumb\",\"itemListElement\":[{\"@type\":\"ListItem\",\"position\":1,\"name\":\"Startseite\",\"item\":\"https:\\\/\\\/www.pappalapub.at\\\/\"},{\"@type\":\"ListItem\",\"position\":2,\"name\":\"Shop\",\"item\":\"https:\\\/\\\/www.pappalapub.at\\\/onlineshop\\\/\"},{\"@type\":\"ListItem\",\"position\":3,\"name\":\"Mayer-H\u00f6rmann Gr\u00fcner Veltliner Barrique 2020\"}]},{\"@type\":\"WebSite\",\"@id\":\"https:\\\/\\\/www.pappalapub.at\\\/#website\",\"url\":\"https:\\\/\\\/www.pappalapub.at\\\/\",\"name\":\"Pappala Pub | Party- und Eventlocation in Wien\",\"description\":\"Party- &amp; Eventlocation + Onlineshop\",\"publisher\":{\"@id\":\"https:\\\/\\\/www.pappalapub.at\\\/#organization\"},\"alternateName\":\"Pappala Pub | Dein Pub in Wien\",\"potentialAction\":[{\"@type\":\"SearchAction\",\"target\":{\"@type\":\"EntryPoint\",\"urlTemplate\":\"https:\\\/\\\/www.pappalapub.at\\\/?s={search_term_string}\"},\"query-input\":{\"@type\":\"PropertyValueSpecification\",\"valueRequired\":true,\"valueName\":\"search_term_string\"}}],\"inLanguage\":\"en-GB\"},{\"@type\":[\"Organization\",\"Place\",\"BarOrPub\"],\"@id\":\"https:\\\/\\\/www.pappalapub.at\\\/#organization\",\"name\":\"Pappala Pub\",\"alternateName\":\"PPub\",\"url\":\"https:\\\/\\\/www.pappalapub.at\\\/\",\"logo\":{\"@id\":\"https:\\\/\\\/www.pappalapub.at\\\/product\\\/mayer-hormann-gruner-veltliner-barrique-2020\\\/#local-main-organization-logo\"},\"image\":{\"@id\":\"https:\\\/\\\/www.pappalapub.at\\\/product\\\/mayer-hormann-gruner-veltliner-barrique-2020\\\/#local-main-organization-logo\"},\"sameAs\":[\"https:\\\/\\\/www.facebook.com\\\/PappalaPub\\\/\",\"https:\\\/\\\/www.instagram.com\\\/pappala_pub\\\/\",\"https:\\\/\\\/www.tiktok.com\\\/@pappala.pub\"],\"address\":{\"@id\":\"https:\\\/\\\/www.pappalapub.at\\\/product\\\/mayer-hormann-gruner-veltliner-barrique-2020\\\/#local-main-place-address\"},\"geo\":{\"@type\":\"GeoCoordinates\",\"latitude\":\"48.2297002\",\"longitude\":\"16.3503971\"},\"telephone\":[\"+4313102217\"],\"contactPoint\":{\"@type\":\"ContactPoint\",\"email\":\"hallo@pappalapub.at\"},\"openingHoursSpecification\":[{\"@type\":\"OpeningHoursSpecification\",\"dayOfWeek\":[\"Monday\",\"Tuesday\",\"Wednesday\",\"Thursday\",\"Friday\",\"Saturday\",\"Sunday\"],\"opens\":\"09:00\",\"closes\":\"17:00\"}],\"email\":\"hallo@pappalapub.at\",\"taxID\":\"ATU71251717\",\"priceRange\":\"$\",\"currenciesAccepted\":\"EURO\",\"paymentAccepted\":\"Cash or Card\"},{\"@type\":\"PostalAddress\",\"@id\":\"https:\\\/\\\/www.pappalapub.at\\\/product\\\/mayer-hormann-gruner-veltliner-barrique-2020\\\/#local-main-place-address\",\"streetAddress\":\"U-Bahn Bogen 156+157\",\"addressLocality\":\"Vienna\",\"postalCode\":\"1090\",\"addressCountry\":\"AT\"},{\"@type\":\"ImageObject\",\"inLanguage\":\"en-GB\",\"@id\":\"https:\\\/\\\/www.pappalapub.at\\\/product\\\/mayer-hormann-gruner-veltliner-barrique-2020\\\/#local-main-organization-logo\",\"url\":\"https:\\\/\\\/i0.wp.com\\\/www.pappalapub.at\\\/wp-content\\\/uploads\\\/2024\\\/05\\\/Simon-Hartberger-ppub-full-small-schwarz-rot-1.png?fit=400%2C192&ssl=1\",\"contentUrl\":\"https:\\\/\\\/i0.wp.com\\\/www.pappalapub.at\\\/wp-content\\\/uploads\\\/2024\\\/05\\\/Simon-Hartberger-ppub-full-small-schwarz-rot-1.png?fit=400%2C192&ssl=1\",\"width\":400,\"height\":192,\"caption\":\"Pappala Pub\"}]}<\/script>\n<meta name=\"geo.placename\" content=\"Vienna\" \/>\n<meta name=\"geo.position\" content=\"48.2297002;16.3503971\" \/>\n<meta name=\"geo.region\" content=\"Austria\" \/>\n<!-- \/ Yoast SEO Premium plugin. -->","yoast_head_json":{"title":"Mayer-H\u00f6rmann Gr\u00fcner Veltliner Barrique 2020 - Pappala Pub | Dein Pub in Wien","description":"Mayer-H\u00f6rmann Gr\u00fcner Veltliner Barrique 2020: Kr\u00e4ftiger Veltliner aus Ried Rosenberg, limitierte Edition! Ausgebaut auf der Feinhefe im neuen Holzfass. Aromen von gelber Tropenfrucht, Kr\u00e4uterw\u00fcrze und Vanille. Kraftvoll, saftig und komplex. Ernte 2020, Alkohol 14%.","robots":{"index":"index","follow":"follow","max-snippet":"max-snippet:-1","max-image-preview":"max-image-preview:large","max-video-preview":"max-video-preview:-1"},"canonical":"https:\/\/www.pappalapub.at\/en\/product\/mayer-hormann-gruner-veltliner-barrique-2020\/","og_locale":"en_GB","og_type":"article","og_title":"Mayer-H\u00f6rmann Gr\u00fcner Veltliner Barrique 2020","og_description":"Mayer-H\u00f6rmann Gr\u00fcner Veltliner Barrique 2020: Kr\u00e4ftiger Veltliner aus Ried Rosenberg, limitierte Edition! Ausgebaut auf der Feinhefe im neuen Holzfass. Aromen von gelber Tropenfrucht, Kr\u00e4uterw\u00fcrze und Vanille. Kraftvoll, saftig und komplex. Ernte 2020, Alkohol 14%.","og_url":"https:\/\/www.pappalapub.at\/en\/product\/mayer-hormann-gruner-veltliner-barrique-2020\/","og_site_name":"Pappala Pub | Dein Pub in Wien","article_publisher":"https:\/\/www.facebook.com\/PappalaPub\/","article_modified_time":"2024-06-19T15:09:58+00:00","og_image":[{"width":859,"height":859,"url":"https:\/\/www.pappalapub.at\/wp-content\/uploads\/2021\/03\/mayer-gvbarrique-new-1.png","type":"image\/png"}],"twitter_card":"summary_large_image","twitter_misc":{"Est. reading time":"1 minute"},"schema":{"@context":"https:\/\/schema.org","@graph":[{"@type":"WebPage","@id":"https:\/\/www.pappalapub.at\/product\/mayer-hormann-gruner-veltliner-barrique-2020\/","url":"https:\/\/www.pappalapub.at\/product\/mayer-hormann-gruner-veltliner-barrique-2020\/","name":"Mayer-H\u00f6rmann Gr\u00fcner Veltliner Barrique 2020 - Pappala Pub | Dein Pub in Wien","isPartOf":{"@id":"https:\/\/www.pappalapub.at\/#website"},"primaryImageOfPage":{"@id":"https:\/\/www.pappalapub.at\/product\/mayer-hormann-gruner-veltliner-barrique-2020\/#primaryimage"},"image":{"@id":"https:\/\/www.pappalapub.at\/product\/mayer-hormann-gruner-veltliner-barrique-2020\/#primaryimage"},"thumbnailUrl":"https:\/\/i0.wp.com\/www.pappalapub.at\/wp-content\/uploads\/2021\/03\/mayer-gvbarrique-new-1.png?fit=859%2C859&ssl=1","datePublished":"2021-03-30T20:13:46+00:00","dateModified":"2024-06-19T15:09:58+00:00","description":"Mayer-H\u00f6rmann Gr\u00fcner Veltliner Barrique 2020: Kr\u00e4ftiger Veltliner aus Ried Rosenberg, limitierte Edition! Ausgebaut auf der Feinhefe im neuen Holzfass. Aromen von gelber Tropenfrucht, Kr\u00e4uterw\u00fcrze und Vanille. Kraftvoll, saftig und komplex. Ernte 2020, Alkohol 14%.","breadcrumb":{"@id":"https:\/\/www.pappalapub.at\/product\/mayer-hormann-gruner-veltliner-barrique-2020\/#breadcrumb"},"inLanguage":"en-GB","potentialAction":[{"@type":"ReadAction","target":["https:\/\/www.pappalapub.at\/product\/mayer-hormann-gruner-veltliner-barrique-2020\/"]}]},{"@type":"ImageObject","inLanguage":"en-GB","@id":"https:\/\/www.pappalapub.at\/product\/mayer-hormann-gruner-veltliner-barrique-2020\/#primaryimage","url":"https:\/\/i0.wp.com\/www.pappalapub.at\/wp-content\/uploads\/2021\/03\/mayer-gvbarrique-new-1.png?fit=859%2C859&ssl=1","contentUrl":"https:\/\/i0.wp.com\/www.pappalapub.at\/wp-content\/uploads\/2021\/03\/mayer-gvbarrique-new-1.png?fit=859%2C859&ssl=1","width":859,"height":859},{"@type":"BreadcrumbList","@id":"https:\/\/www.pappalapub.at\/product\/mayer-hormann-gruner-veltliner-barrique-2020\/#breadcrumb","itemListElement":[{"@type":"ListItem","position":1,"name":"Startseite","item":"https:\/\/www.pappalapub.at\/"},{"@type":"ListItem","position":2,"name":"Shop","item":"https:\/\/www.pappalapub.at\/onlineshop\/"},{"@type":"ListItem","position":3,"name":"Mayer-H\u00f6rmann Gr\u00fcner Veltliner Barrique 2020"}]},{"@type":"WebSite","@id":"https:\/\/www.pappalapub.at\/#website","url":"https:\/\/www.pappalapub.at\/","name":"Pappala Pub | Party- und Eventlocation in Wien","description":"Party- &amp; Eventlocation + Onlineshop","publisher":{"@id":"https:\/\/www.pappalapub.at\/#organization"},"alternateName":"Pappala Pub | Dein Pub in Wien","potentialAction":[{"@type":"SearchAction","target":{"@type":"EntryPoint","urlTemplate":"https:\/\/www.pappalapub.at\/?s={search_term_string}"},"query-input":{"@type":"PropertyValueSpecification","valueRequired":true,"valueName":"search_term_string"}}],"inLanguage":"en-GB"},{"@type":["Organization","Place","BarOrPub"],"@id":"https:\/\/www.pappalapub.at\/#organization","name":"Pappala Pub","alternateName":"PPub","url":"https:\/\/www.pappalapub.at\/","logo":{"@id":"https:\/\/www.pappalapub.at\/product\/mayer-hormann-gruner-veltliner-barrique-2020\/#local-main-organization-logo"},"image":{"@id":"https:\/\/www.pappalapub.at\/product\/mayer-hormann-gruner-veltliner-barrique-2020\/#local-main-organization-logo"},"sameAs":["https:\/\/www.facebook.com\/PappalaPub\/","https:\/\/www.instagram.com\/pappala_pub\/","https:\/\/www.tiktok.com\/@pappala.pub"],"address":{"@id":"https:\/\/www.pappalapub.at\/product\/mayer-hormann-gruner-veltliner-barrique-2020\/#local-main-place-address"},"geo":{"@type":"GeoCoordinates","latitude":"48.2297002","longitude":"16.3503971"},"telephone":["+4313102217"],"contactPoint":{"@type":"ContactPoint","email":"hallo@pappalapub.at"},"openingHoursSpecification":[{"@type":"OpeningHoursSpecification","dayOfWeek":["Monday","Tuesday","Wednesday","Thursday","Friday","Saturday","Sunday"],"opens":"09:00","closes":"17:00"}],"email":"hallo@pappalapub.at","taxID":"ATU71251717","priceRange":"$","currenciesAccepted":"EURO","paymentAccepted":"Cash or Card"},{"@type":"PostalAddress","@id":"https:\/\/www.pappalapub.at\/product\/mayer-hormann-gruner-veltliner-barrique-2020\/#local-main-place-address","streetAddress":"U-Bahn Bogen 156+157","addressLocality":"Vienna","postalCode":"1090","addressCountry":"AT"},{"@type":"ImageObject","inLanguage":"en-GB","@id":"https:\/\/www.pappalapub.at\/product\/mayer-hormann-gruner-veltliner-barrique-2020\/#local-main-organization-logo","url":"https:\/\/i0.wp.com\/www.pappalapub.at\/wp-content\/uploads\/2024\/05\/Simon-Hartberger-ppub-full-small-schwarz-rot-1.png?fit=400%2C192&ssl=1","contentUrl":"https:\/\/i0.wp.com\/www.pappalapub.at\/wp-content\/uploads\/2024\/05\/Simon-Hartberger-ppub-full-small-schwarz-rot-1.png?fit=400%2C192&ssl=1","width":400,"height":192,"caption":"Pappala Pub"}]},"geo.placename":"Vienna","geo.position":{"lat":"48.2297002","long":"16.3503971"},"geo.region":"Austria"},"jetpack_sharing_enabled":true,"_links":{"self":[{"href":"https:\/\/www.pappalapub.at\/en\/wp-json\/wp\/v2\/product\/2765","targetHints":{"allow":["GET"]}}],"collection":[{"href":"https:\/\/www.pappalapub.at\/en\/wp-json\/wp\/v2\/product"}],"about":[{"href":"https:\/\/www.pappalapub.at\/en\/wp-json\/wp\/v2\/types\/product"}],"wp:featuredmedia":[{"embeddable":true,"href":"https:\/\/www.pappalapub.at\/en\/wp-json\/wp\/v2\/media\/2754"}],"wp:attachment":[{"href":"https:\/\/www.pappalapub.at\/en\/wp-json\/wp\/v2\/media?parent=2765"}],"wp:term":[{"taxonomy":"product_brand","embeddable":true,"href":"https:\/\/www.pappalapub.at\/en\/wp-json\/wp\/v2\/product_brand?post=2765"},{"taxonomy":"product_cat","embeddable":true,"href":"https:\/\/www.pappalapub.at\/en\/wp-json\/wp\/v2\/product_cat?post=2765"},{"taxonomy":"product_tag","embeddable":true,"href":"https:\/\/www.pappalapub.at\/en\/wp-json\/wp\/v2\/product_tag?post=2765"}],"curies":[{"name":"wp","href":"https:\/\/api.w.org\/{rel}","templated":true}]}}