{"id":2751,"date":"2021-03-30T16:22:22","date_gmt":"2021-03-30T14:22:22","guid":{"rendered":"https:\/\/www.pappalapub.at\/?post_type=product&#038;p=2751"},"modified":"2024-06-19T17:12:15","modified_gmt":"2024-06-19T15:12:15","slug":"riesling-auslese-2019-no-gold","status":"publish","type":"product","link":"https:\/\/www.pappalapub.at\/en\/product\/riesling-auslese-2019-no-gold\/","title":{"rendered":"Mayer-H\u00f6rmann Riesling Auslese 2019 N\u00d6-GOLD"},"content":{"rendered":"<p>Fruchtiger Wein mit Aromen von Pfirsich und Honig, frische Zitrusnote, leicht und s\u00fc\u00df am Gaumen,<\/p>\n<p><strong>Ried Stein<\/strong>. <strong>Jahrgang 2019<\/strong>. <span style=\"color: #ffcc99;\"><strong>N\u00d6-GOLD, AWC-GOLD.<\/strong><\/span><\/p>\n<p>Menge: 0,75 L<\/p>","protected":false},"excerpt":{"rendered":"<p>Alkohol: 11,5%, | S\u00e4ure: 6,7\u2030 S\u00e4ure | 47,1 RZ s\u00fc\u00df.<\/p>","protected":false},"featured_media":2752,"template":"","meta":[],"product_brand":[],"product_cat":[92],"product_tag":[],"class_list":{"0":"post-2751","1":"product","2":"type-product","3":"status-publish","4":"has-post-thumbnail","6":"product_cat-wein","8":"first","9":"instock","10":"taxable","11":"shipping-taxable","12":"purchasable","13":"product-type-simple"},"yoast_head":"<!-- This site is optimized with the Yoast SEO Premium plugin v27.6 (Yoast SEO v27.6) - https:\/\/yoast.com\/product\/yoast-seo-premium-wordpress\/ -->\n<title>Mayer-H\u00f6rmann Riesling Auslese 2019 N\u00d6-GOLD - Pappala Pub | Dein Pub in Wien<\/title>\n<meta name=\"description\" content=\"Mayer-H\u00f6rmann Riesling Auslese 2019 N\u00d6-GOLD: Fruchtiger Wein mit Pfirsich- und Honigaromen, frischer Zitrusnote. Leicht und s\u00fc\u00df im Geschmack, aus Ried Stein. Ausgezeichnet mit N\u00d6-GOLD und AWC-GOLD. Jahrgang 2019, 0,75 L.\" \/>\n<meta name=\"robots\" content=\"index, follow, max-snippet:-1, max-image-preview:large, max-video-preview:-1\" \/>\n<link rel=\"canonical\" href=\"https:\/\/www.pappalapub.at\/en\/product\/riesling-auslese-2019-no-gold\/\" \/>\n<meta property=\"og:locale\" content=\"en_GB\" \/>\n<meta property=\"og:type\" content=\"article\" \/>\n<meta property=\"og:title\" content=\"Mayer-H\u00f6rmann Riesling Auslese 2019 N\u00d6-GOLD\" \/>\n<meta property=\"og:description\" content=\"Mayer-H\u00f6rmann Riesling Auslese 2019 N\u00d6-GOLD: Fruchtiger Wein mit Pfirsich- und Honigaromen, frischer Zitrusnote. Leicht und s\u00fc\u00df im Geschmack, aus Ried Stein. Ausgezeichnet mit N\u00d6-GOLD und AWC-GOLD. Jahrgang 2019, 0,75 L.\" \/>\n<meta property=\"og:url\" content=\"https:\/\/www.pappalapub.at\/en\/product\/riesling-auslese-2019-no-gold\/\" \/>\n<meta property=\"og:site_name\" content=\"Pappala Pub | Dein Pub in Wien\" \/>\n<meta property=\"article:publisher\" content=\"https:\/\/www.facebook.com\/PappalaPub\/\" \/>\n<meta property=\"article:modified_time\" content=\"2024-06-19T15:12:15+00:00\" \/>\n<meta property=\"og:image\" content=\"https:\/\/www.pappalapub.at\/wp-content\/uploads\/2021\/03\/Mayer-Auslese-new-1.png\" \/>\n\t<meta property=\"og:image:width\" content=\"859\" \/>\n\t<meta property=\"og:image:height\" content=\"859\" \/>\n\t<meta property=\"og:image:type\" content=\"image\/png\" \/>\n<meta name=\"twitter:card\" content=\"summary_large_image\" \/>\n<meta name=\"twitter:label1\" content=\"Est. reading time\" \/>\n\t<meta name=\"twitter:data1\" content=\"1 minute\" \/>\n<script type=\"application\/ld+json\" class=\"yoast-schema-graph\">{\"@context\":\"https:\\\/\\\/schema.org\",\"@graph\":[{\"@type\":\"WebPage\",\"@id\":\"https:\\\/\\\/www.pappalapub.at\\\/product\\\/riesling-auslese-2019-no-gold\\\/\",\"url\":\"https:\\\/\\\/www.pappalapub.at\\\/product\\\/riesling-auslese-2019-no-gold\\\/\",\"name\":\"Mayer-H\u00f6rmann Riesling Auslese 2019 N\u00d6-GOLD - Pappala Pub | Dein Pub in Wien\",\"isPartOf\":{\"@id\":\"https:\\\/\\\/www.pappalapub.at\\\/#website\"},\"primaryImageOfPage\":{\"@id\":\"https:\\\/\\\/www.pappalapub.at\\\/product\\\/riesling-auslese-2019-no-gold\\\/#primaryimage\"},\"image\":{\"@id\":\"https:\\\/\\\/www.pappalapub.at\\\/product\\\/riesling-auslese-2019-no-gold\\\/#primaryimage\"},\"thumbnailUrl\":\"https:\\\/\\\/i0.wp.com\\\/www.pappalapub.at\\\/wp-content\\\/uploads\\\/2021\\\/03\\\/Mayer-Auslese-new-1.png?fit=859%2C859&ssl=1\",\"datePublished\":\"2021-03-30T14:22:22+00:00\",\"dateModified\":\"2024-06-19T15:12:15+00:00\",\"description\":\"Mayer-H\u00f6rmann Riesling Auslese 2019 N\u00d6-GOLD: Fruchtiger Wein mit Pfirsich- und Honigaromen, frischer Zitrusnote. Leicht und s\u00fc\u00df im Geschmack, aus Ried Stein. Ausgezeichnet mit N\u00d6-GOLD und AWC-GOLD. Jahrgang 2019, 0,75 L.\",\"breadcrumb\":{\"@id\":\"https:\\\/\\\/www.pappalapub.at\\\/product\\\/riesling-auslese-2019-no-gold\\\/#breadcrumb\"},\"inLanguage\":\"en-GB\",\"potentialAction\":[{\"@type\":\"ReadAction\",\"target\":[\"https:\\\/\\\/www.pappalapub.at\\\/product\\\/riesling-auslese-2019-no-gold\\\/\"]}]},{\"@type\":\"ImageObject\",\"inLanguage\":\"en-GB\",\"@id\":\"https:\\\/\\\/www.pappalapub.at\\\/product\\\/riesling-auslese-2019-no-gold\\\/#primaryimage\",\"url\":\"https:\\\/\\\/i0.wp.com\\\/www.pappalapub.at\\\/wp-content\\\/uploads\\\/2021\\\/03\\\/Mayer-Auslese-new-1.png?fit=859%2C859&ssl=1\",\"contentUrl\":\"https:\\\/\\\/i0.wp.com\\\/www.pappalapub.at\\\/wp-content\\\/uploads\\\/2021\\\/03\\\/Mayer-Auslese-new-1.png?fit=859%2C859&ssl=1\",\"width\":859,\"height\":859},{\"@type\":\"BreadcrumbList\",\"@id\":\"https:\\\/\\\/www.pappalapub.at\\\/product\\\/riesling-auslese-2019-no-gold\\\/#breadcrumb\",\"itemListElement\":[{\"@type\":\"ListItem\",\"position\":1,\"name\":\"Startseite\",\"item\":\"https:\\\/\\\/www.pappalapub.at\\\/\"},{\"@type\":\"ListItem\",\"position\":2,\"name\":\"Shop\",\"item\":\"https:\\\/\\\/www.pappalapub.at\\\/onlineshop\\\/\"},{\"@type\":\"ListItem\",\"position\":3,\"name\":\"Mayer-H\u00f6rmann Riesling Auslese 2019 N\u00d6-GOLD\"}]},{\"@type\":\"WebSite\",\"@id\":\"https:\\\/\\\/www.pappalapub.at\\\/#website\",\"url\":\"https:\\\/\\\/www.pappalapub.at\\\/\",\"name\":\"Pappala Pub | Party- und Eventlocation in Wien\",\"description\":\"Party- &amp; Eventlocation + Onlineshop\",\"publisher\":{\"@id\":\"https:\\\/\\\/www.pappalapub.at\\\/#organization\"},\"alternateName\":\"Pappala Pub | Dein Pub in Wien\",\"potentialAction\":[{\"@type\":\"SearchAction\",\"target\":{\"@type\":\"EntryPoint\",\"urlTemplate\":\"https:\\\/\\\/www.pappalapub.at\\\/?s={search_term_string}\"},\"query-input\":{\"@type\":\"PropertyValueSpecification\",\"valueRequired\":true,\"valueName\":\"search_term_string\"}}],\"inLanguage\":\"en-GB\"},{\"@type\":[\"Organization\",\"Place\",\"BarOrPub\"],\"@id\":\"https:\\\/\\\/www.pappalapub.at\\\/#organization\",\"name\":\"Pappala Pub\",\"alternateName\":\"PPub\",\"url\":\"https:\\\/\\\/www.pappalapub.at\\\/\",\"logo\":{\"@id\":\"https:\\\/\\\/www.pappalapub.at\\\/product\\\/riesling-auslese-2019-no-gold\\\/#local-main-organization-logo\"},\"image\":{\"@id\":\"https:\\\/\\\/www.pappalapub.at\\\/product\\\/riesling-auslese-2019-no-gold\\\/#local-main-organization-logo\"},\"sameAs\":[\"https:\\\/\\\/www.facebook.com\\\/PappalaPub\\\/\",\"https:\\\/\\\/www.instagram.com\\\/pappala_pub\\\/\",\"https:\\\/\\\/www.tiktok.com\\\/@pappala.pub\"],\"address\":{\"@id\":\"https:\\\/\\\/www.pappalapub.at\\\/product\\\/riesling-auslese-2019-no-gold\\\/#local-main-place-address\"},\"geo\":{\"@type\":\"GeoCoordinates\",\"latitude\":\"48.2297002\",\"longitude\":\"16.3503971\"},\"telephone\":[\"+4313102217\"],\"contactPoint\":{\"@type\":\"ContactPoint\",\"email\":\"hallo@pappalapub.at\"},\"openingHoursSpecification\":[{\"@type\":\"OpeningHoursSpecification\",\"dayOfWeek\":[\"Monday\",\"Tuesday\",\"Wednesday\",\"Thursday\",\"Friday\",\"Saturday\",\"Sunday\"],\"opens\":\"09:00\",\"closes\":\"17:00\"}],\"email\":\"hallo@pappalapub.at\",\"taxID\":\"ATU71251717\",\"priceRange\":\"$\",\"currenciesAccepted\":\"EURO\",\"paymentAccepted\":\"Cash or Card\"},{\"@type\":\"PostalAddress\",\"@id\":\"https:\\\/\\\/www.pappalapub.at\\\/product\\\/riesling-auslese-2019-no-gold\\\/#local-main-place-address\",\"streetAddress\":\"U-Bahn Bogen 156+157\",\"addressLocality\":\"Vienna\",\"postalCode\":\"1090\",\"addressCountry\":\"AT\"},{\"@type\":\"ImageObject\",\"inLanguage\":\"en-GB\",\"@id\":\"https:\\\/\\\/www.pappalapub.at\\\/product\\\/riesling-auslese-2019-no-gold\\\/#local-main-organization-logo\",\"url\":\"https:\\\/\\\/i0.wp.com\\\/www.pappalapub.at\\\/wp-content\\\/uploads\\\/2024\\\/05\\\/Simon-Hartberger-ppub-full-small-schwarz-rot-1.png?fit=400%2C192&ssl=1\",\"contentUrl\":\"https:\\\/\\\/i0.wp.com\\\/www.pappalapub.at\\\/wp-content\\\/uploads\\\/2024\\\/05\\\/Simon-Hartberger-ppub-full-small-schwarz-rot-1.png?fit=400%2C192&ssl=1\",\"width\":400,\"height\":192,\"caption\":\"Pappala Pub\"}]}<\/script>\n<meta name=\"geo.placename\" content=\"Vienna\" \/>\n<meta name=\"geo.position\" content=\"48.2297002;16.3503971\" \/>\n<meta name=\"geo.region\" content=\"Austria\" \/>\n<!-- \/ Yoast SEO Premium plugin. -->","yoast_head_json":{"title":"Mayer-H\u00f6rmann Riesling Auslese 2019 N\u00d6-GOLD - Pappala Pub | Dein Pub in Wien","description":"Mayer-H\u00f6rmann Riesling Auslese 2019 N\u00d6-GOLD: Fruchtiger Wein mit Pfirsich- und Honigaromen, frischer Zitrusnote. Leicht und s\u00fc\u00df im Geschmack, aus Ried Stein. Ausgezeichnet mit N\u00d6-GOLD und AWC-GOLD. Jahrgang 2019, 0,75 L.","robots":{"index":"index","follow":"follow","max-snippet":"max-snippet:-1","max-image-preview":"max-image-preview:large","max-video-preview":"max-video-preview:-1"},"canonical":"https:\/\/www.pappalapub.at\/en\/product\/riesling-auslese-2019-no-gold\/","og_locale":"en_GB","og_type":"article","og_title":"Mayer-H\u00f6rmann Riesling Auslese 2019 N\u00d6-GOLD","og_description":"Mayer-H\u00f6rmann Riesling Auslese 2019 N\u00d6-GOLD: Fruchtiger Wein mit Pfirsich- und Honigaromen, frischer Zitrusnote. Leicht und s\u00fc\u00df im Geschmack, aus Ried Stein. Ausgezeichnet mit N\u00d6-GOLD und AWC-GOLD. Jahrgang 2019, 0,75 L.","og_url":"https:\/\/www.pappalapub.at\/en\/product\/riesling-auslese-2019-no-gold\/","og_site_name":"Pappala Pub | Dein Pub in Wien","article_publisher":"https:\/\/www.facebook.com\/PappalaPub\/","article_modified_time":"2024-06-19T15:12:15+00:00","og_image":[{"width":859,"height":859,"url":"https:\/\/www.pappalapub.at\/wp-content\/uploads\/2021\/03\/Mayer-Auslese-new-1.png","type":"image\/png"}],"twitter_card":"summary_large_image","twitter_misc":{"Est. reading time":"1 minute"},"schema":{"@context":"https:\/\/schema.org","@graph":[{"@type":"WebPage","@id":"https:\/\/www.pappalapub.at\/product\/riesling-auslese-2019-no-gold\/","url":"https:\/\/www.pappalapub.at\/product\/riesling-auslese-2019-no-gold\/","name":"Mayer-H\u00f6rmann Riesling Auslese 2019 N\u00d6-GOLD - Pappala Pub | Dein Pub in Wien","isPartOf":{"@id":"https:\/\/www.pappalapub.at\/#website"},"primaryImageOfPage":{"@id":"https:\/\/www.pappalapub.at\/product\/riesling-auslese-2019-no-gold\/#primaryimage"},"image":{"@id":"https:\/\/www.pappalapub.at\/product\/riesling-auslese-2019-no-gold\/#primaryimage"},"thumbnailUrl":"https:\/\/i0.wp.com\/www.pappalapub.at\/wp-content\/uploads\/2021\/03\/Mayer-Auslese-new-1.png?fit=859%2C859&ssl=1","datePublished":"2021-03-30T14:22:22+00:00","dateModified":"2024-06-19T15:12:15+00:00","description":"Mayer-H\u00f6rmann Riesling Auslese 2019 N\u00d6-GOLD: Fruchtiger Wein mit Pfirsich- und Honigaromen, frischer Zitrusnote. Leicht und s\u00fc\u00df im Geschmack, aus Ried Stein. Ausgezeichnet mit N\u00d6-GOLD und AWC-GOLD. Jahrgang 2019, 0,75 L.","breadcrumb":{"@id":"https:\/\/www.pappalapub.at\/product\/riesling-auslese-2019-no-gold\/#breadcrumb"},"inLanguage":"en-GB","potentialAction":[{"@type":"ReadAction","target":["https:\/\/www.pappalapub.at\/product\/riesling-auslese-2019-no-gold\/"]}]},{"@type":"ImageObject","inLanguage":"en-GB","@id":"https:\/\/www.pappalapub.at\/product\/riesling-auslese-2019-no-gold\/#primaryimage","url":"https:\/\/i0.wp.com\/www.pappalapub.at\/wp-content\/uploads\/2021\/03\/Mayer-Auslese-new-1.png?fit=859%2C859&ssl=1","contentUrl":"https:\/\/i0.wp.com\/www.pappalapub.at\/wp-content\/uploads\/2021\/03\/Mayer-Auslese-new-1.png?fit=859%2C859&ssl=1","width":859,"height":859},{"@type":"BreadcrumbList","@id":"https:\/\/www.pappalapub.at\/product\/riesling-auslese-2019-no-gold\/#breadcrumb","itemListElement":[{"@type":"ListItem","position":1,"name":"Startseite","item":"https:\/\/www.pappalapub.at\/"},{"@type":"ListItem","position":2,"name":"Shop","item":"https:\/\/www.pappalapub.at\/onlineshop\/"},{"@type":"ListItem","position":3,"name":"Mayer-H\u00f6rmann Riesling Auslese 2019 N\u00d6-GOLD"}]},{"@type":"WebSite","@id":"https:\/\/www.pappalapub.at\/#website","url":"https:\/\/www.pappalapub.at\/","name":"Pappala Pub | Party- und Eventlocation in Wien","description":"Party- &amp; Eventlocation + Onlineshop","publisher":{"@id":"https:\/\/www.pappalapub.at\/#organization"},"alternateName":"Pappala Pub | Dein Pub in Wien","potentialAction":[{"@type":"SearchAction","target":{"@type":"EntryPoint","urlTemplate":"https:\/\/www.pappalapub.at\/?s={search_term_string}"},"query-input":{"@type":"PropertyValueSpecification","valueRequired":true,"valueName":"search_term_string"}}],"inLanguage":"en-GB"},{"@type":["Organization","Place","BarOrPub"],"@id":"https:\/\/www.pappalapub.at\/#organization","name":"Pappala Pub","alternateName":"PPub","url":"https:\/\/www.pappalapub.at\/","logo":{"@id":"https:\/\/www.pappalapub.at\/product\/riesling-auslese-2019-no-gold\/#local-main-organization-logo"},"image":{"@id":"https:\/\/www.pappalapub.at\/product\/riesling-auslese-2019-no-gold\/#local-main-organization-logo"},"sameAs":["https:\/\/www.facebook.com\/PappalaPub\/","https:\/\/www.instagram.com\/pappala_pub\/","https:\/\/www.tiktok.com\/@pappala.pub"],"address":{"@id":"https:\/\/www.pappalapub.at\/product\/riesling-auslese-2019-no-gold\/#local-main-place-address"},"geo":{"@type":"GeoCoordinates","latitude":"48.2297002","longitude":"16.3503971"},"telephone":["+4313102217"],"contactPoint":{"@type":"ContactPoint","email":"hallo@pappalapub.at"},"openingHoursSpecification":[{"@type":"OpeningHoursSpecification","dayOfWeek":["Monday","Tuesday","Wednesday","Thursday","Friday","Saturday","Sunday"],"opens":"09:00","closes":"17:00"}],"email":"hallo@pappalapub.at","taxID":"ATU71251717","priceRange":"$","currenciesAccepted":"EURO","paymentAccepted":"Cash or Card"},{"@type":"PostalAddress","@id":"https:\/\/www.pappalapub.at\/product\/riesling-auslese-2019-no-gold\/#local-main-place-address","streetAddress":"U-Bahn Bogen 156+157","addressLocality":"Vienna","postalCode":"1090","addressCountry":"AT"},{"@type":"ImageObject","inLanguage":"en-GB","@id":"https:\/\/www.pappalapub.at\/product\/riesling-auslese-2019-no-gold\/#local-main-organization-logo","url":"https:\/\/i0.wp.com\/www.pappalapub.at\/wp-content\/uploads\/2024\/05\/Simon-Hartberger-ppub-full-small-schwarz-rot-1.png?fit=400%2C192&ssl=1","contentUrl":"https:\/\/i0.wp.com\/www.pappalapub.at\/wp-content\/uploads\/2024\/05\/Simon-Hartberger-ppub-full-small-schwarz-rot-1.png?fit=400%2C192&ssl=1","width":400,"height":192,"caption":"Pappala Pub"}]},"geo.placename":"Vienna","geo.position":{"lat":"48.2297002","long":"16.3503971"},"geo.region":"Austria"},"jetpack_sharing_enabled":true,"_links":{"self":[{"href":"https:\/\/www.pappalapub.at\/en\/wp-json\/wp\/v2\/product\/2751","targetHints":{"allow":["GET"]}}],"collection":[{"href":"https:\/\/www.pappalapub.at\/en\/wp-json\/wp\/v2\/product"}],"about":[{"href":"https:\/\/www.pappalapub.at\/en\/wp-json\/wp\/v2\/types\/product"}],"wp:featuredmedia":[{"embeddable":true,"href":"https:\/\/www.pappalapub.at\/en\/wp-json\/wp\/v2\/media\/2752"}],"wp:attachment":[{"href":"https:\/\/www.pappalapub.at\/en\/wp-json\/wp\/v2\/media?parent=2751"}],"wp:term":[{"taxonomy":"product_brand","embeddable":true,"href":"https:\/\/www.pappalapub.at\/en\/wp-json\/wp\/v2\/product_brand?post=2751"},{"taxonomy":"product_cat","embeddable":true,"href":"https:\/\/www.pappalapub.at\/en\/wp-json\/wp\/v2\/product_cat?post=2751"},{"taxonomy":"product_tag","embeddable":true,"href":"https:\/\/www.pappalapub.at\/en\/wp-json\/wp\/v2\/product_tag?post=2751"}],"curies":[{"name":"wp","href":"https:\/\/api.w.org\/{rel}","templated":true}]}}