{"id":682,"date":"2019-10-29T16:07:45","date_gmt":"2019-10-29T16:07:45","guid":{"rendered":"https:\/\/laurent.qodeinteractive.com\/?page_id=682"},"modified":"2026-01-07T15:38:42","modified_gmt":"2026-01-07T14:38:42","slug":"kontaktiere-uns","status":"publish","type":"page","link":"https:\/\/www.pappalapub.at\/en\/kontaktiere-uns\/","title":{"rendered":"Kontakt"},"content":{"rendered":"<div class=\"wpb-content-wrapper\"><div class=\"eltdf-row-grid-section-wrapper \"  ><div class=\"eltdf-row-grid-section\"><div class=\"vc_row wpb_row vc_row-fluid vc_custom_1617772729415\" ><div data-vc-parallax=\"1.5\" class=\"wpb_column vc_column_container vc_col-sm-12 vc_col-has-fill vc_general vc_parallax vc_parallax-content-moving\"><div class=\"vc_column-inner\"><div class=\"wpb_wrapper\"><div class=\"eltdf-section-title-holder    eltdf-st-decor-animation\" style=\"text-align: center\">\n\t<div class=\"eltdf-st-inner\">\n                    <span class=\"eltdf-st-tagline\">\n                Was bedeutet            <\/span>\n        \t\t            <div class=\"eltdf-st-title-holder\">\n                                    <div class=\"decor\"><svg xmlns=\"http:\/\/www.w3.org\/2000\/svg\" width=\"41.125\" height=\"9.146\">\n                            <path fill=\"none\" stroke=\"#9C7C57\" stroke-miterlimit=\"10\" d=\"M40.881 8.576L20.562.591.244 8.576\"\/>\n                            <path fill=\"none\" stroke=\"#9C7C57\" stroke-miterlimit=\"10\" d=\"M40.881.591L20.562 8.576.243.591\"\/>\n                        <\/svg><\/div>\n                                <h2 class=\"eltdf-st-title\" >\n                    Pappala Pub?                <\/h2>\n                                    <div class=\"decor\"><svg xmlns=\"http:\/\/www.w3.org\/2000\/svg\" width=\"41.125\" height=\"9.146\">\n                            <path fill=\"none\" stroke=\"#9C7C57\" stroke-miterlimit=\"10\" d=\"M40.881 8.576L20.562.591.244 8.576\"\/>\n                            <path fill=\"none\" stroke=\"#9C7C57\" stroke-miterlimit=\"10\" d=\"M40.881.591L20.562 8.576.243.591\"\/>\n                        <\/svg><\/div>\n                            <\/div>\n\t\t\t\t\t\t\t<\/div>\n<\/div>\n\t<div class=\"wpb_text_column wpb_content_element\" >\n\t\t<div class=\"wpb_wrapper\">\n\t\t\t<p style=\"text-align: center;\">Der Ausdruck &#8222;Pappalapub&#8220; ist ein <big>etabliertes Sprichwort<\/big> im deutschen Sprachgebrauch. Der Name kombiniert <big>kreativ und humorvoll<\/big> die W\u00f6rter &#8222;Pappala&#8220; und &#8222;Pub&#8220;, als einen <big>umgangssprachlichen Ausdruck<\/big>, der in \u00d6sterreich und Deutschland verwendet wird und soviel wie &#8222;Unsinn&#8220; oder &#8222;Bl\u00f6dsinn&#8220; bedeutet. In diesem Kontext, <big>ist unser Pub ein Ort, an dem man unbeschwert und fr\u00f6hlich sein kann, ohne das Leben zu ernst zu nehmen<\/big> \u2013 ein Platz f\u00fcr Spa\u00df, Unterhaltung und Geselligkeit. \ud83d\ude42<\/p>\n\n\t\t<\/div>\n\t<\/div>\n<\/div><\/div><\/div><\/div><\/div><\/div><div class=\"eltdf-row-grid-section-wrapper \"  ><div class=\"eltdf-row-grid-section\"><div class=\"vc_row wpb_row vc_row-fluid vc_custom_1617772729415\" ><div data-vc-parallax=\"1.5\" class=\"wpb_column vc_column_container vc_col-sm-12 vc_col-has-fill vc_general vc_parallax vc_parallax-content-moving\"><div class=\"vc_column-inner\"><div class=\"wpb_wrapper\"><div class=\"wpb_gmaps_widget wpb_content_element\"><h2 class=\"wpb_heading wpb_map_heading\">Hier findest du uns<\/h2><div class=\"wpb_wrapper\"><div class=\"wpb_map_wraper\"><iframe src=\"https:\/\/www.google.com\/maps\/embed?pb=!1m14!1m8!1m3!1d10631.193022028683!2d16.3504751!3d48.2297592!3m2!1i1024!2i768!4f13.1!3m3!1m2!1s0x0%3A0x2115785ab5a8af86!2sPappala%20Pub!5e0!3m2!1sde!2sat!4v1617772288065!5m2!1sde!2sat\" width=\"600\" height=\"450\" style=\"border:0;\" allowfullscreen=\"\" loading=\"lazy\"><\/iframe><\/div><\/div><\/div><\/div><\/div><\/div><\/div><\/div><\/div><div class=\"eltdf-row-grid-section-wrapper eltdf-content-aligment-center\"  ><div class=\"eltdf-row-grid-section\"><div class=\"vc_row wpb_row vc_row-fluid vc_custom_1573659308492\" ><div class=\"wpb_column vc_column_container vc_col-sm-12 vc_col-lg-6 vc_col-md-12\"><div class=\"vc_column-inner\"><div class=\"wpb_wrapper\"><div class=\"eltdf-section-title-holder    eltdf-st-decor-animation\" style=\"text-align: center\">\n\t<div class=\"eltdf-st-inner\">\n                    <span class=\"eltdf-st-tagline\">\n                Wir sind f\u00fcr dich da!            <\/span>\n        \t\t            <div class=\"eltdf-st-title-holder\">\n                                    <div class=\"decor\"><svg xmlns=\"http:\/\/www.w3.org\/2000\/svg\" width=\"41.125\" height=\"9.146\">\n                            <path fill=\"none\" stroke=\"#9C7C57\" stroke-miterlimit=\"10\" d=\"M40.881 8.576L20.562.591.244 8.576\"\/>\n                            <path fill=\"none\" stroke=\"#9C7C57\" stroke-miterlimit=\"10\" d=\"M40.881.591L20.562 8.576.243.591\"\/>\n                        <\/svg><\/div>\n                                <h2 class=\"eltdf-st-title\" >\n                    Kontakt                <\/h2>\n                                    <div class=\"decor\"><svg xmlns=\"http:\/\/www.w3.org\/2000\/svg\" width=\"41.125\" height=\"9.146\">\n                            <path fill=\"none\" stroke=\"#9C7C57\" stroke-miterlimit=\"10\" d=\"M40.881 8.576L20.562.591.244 8.576\"\/>\n                            <path fill=\"none\" stroke=\"#9C7C57\" stroke-miterlimit=\"10\" d=\"M40.881.591L20.562 8.576.243.591\"\/>\n                        <\/svg><\/div>\n                            <\/div>\n\t\t\t\t\t\t\t<\/div>\n<\/div><div class=\"vc_empty_space\"   style=\"height: 55px\"><span class=\"vc_empty_space_inner\"><\/span><\/div>\n<div class=\"wpcf7 no-js\" id=\"wpcf7-f812-o1\" lang=\"en-US\" dir=\"ltr\" data-wpcf7-id=\"812\">\n<div class=\"screen-reader-response\"><p role=\"status\" aria-live=\"polite\" aria-atomic=\"true\"><\/p> <ul><\/ul><\/div>\n<form action=\"\/en\/wp-json\/wp\/v2\/pages\/682#wpcf7-f812-o1\" method=\"post\" class=\"wpcf7-form init cf7_custom_style_2\" aria-label=\"Contact form\" novalidate=\"novalidate\" data-status=\"init\">\n<fieldset class=\"hidden-fields-container\"><input type=\"hidden\" name=\"_wpcf7\" value=\"812\" \/><input type=\"hidden\" name=\"_wpcf7_version\" value=\"6.1.5\" \/><input type=\"hidden\" name=\"_wpcf7_locale\" value=\"en_US\" \/><input type=\"hidden\" name=\"_wpcf7_unit_tag\" value=\"wpcf7-f812-o1\" \/><input type=\"hidden\" name=\"_wpcf7_container_post\" value=\"0\" \/><input type=\"hidden\" name=\"_wpcf7_posted_data_hash\" value=\"\" \/><input type=\"hidden\" name=\"_wpcf7_recaptcha_response\" value=\"\" \/>\n<\/fieldset>\n<div class=\"qodef-cf7-contact\">\n<span class=\"wpcf7-form-control-wrap\" data-name=\"your-name\"><input size=\"40\" maxlength=\"400\" class=\"wpcf7-form-control wpcf7-text wpcf7-validates-as-required\" aria-required=\"true\" aria-invalid=\"false\" placeholder=\"Name\" value=\"\" type=\"text\" name=\"your-name\" \/><\/span>\n<span class=\"wpcf7-form-control-wrap\" data-name=\"your-email\"><input size=\"40\" maxlength=\"400\" class=\"wpcf7-form-control wpcf7-email wpcf7-validates-as-required wpcf7-text wpcf7-validates-as-email\" aria-required=\"true\" aria-invalid=\"false\" placeholder=\"E-Mail\" value=\"\" type=\"email\" name=\"your-email\" \/><\/span>\n<span class=\"wpcf7-form-control-wrap\" data-name=\"your-tel\"><input size=\"40\" maxlength=\"400\" class=\"wpcf7-form-control wpcf7-tel wpcf7-text wpcf7-validates-as-tel\" aria-invalid=\"false\" placeholder=\"Telefon\" value=\"\" type=\"tel\" name=\"your-tel\" \/><\/span>\n<span class=\"wpcf7-form-control-wrap\" data-name=\"your-subject\"><input size=\"40\" maxlength=\"400\" class=\"wpcf7-form-control wpcf7-text wpcf7-validates-as-required\" aria-required=\"true\" aria-invalid=\"false\" placeholder=\"Betreff\" value=\"\" type=\"text\" name=\"your-subject\" \/><\/span>\n<span class=\"wpcf7-form-control-wrap\" data-name=\"your-message\"><textarea cols=\"40\" rows=\"10\" maxlength=\"2000\" class=\"wpcf7-form-control wpcf7-textarea\" aria-invalid=\"false\" placeholder=\"Nachricht\" name=\"your-message\"><\/textarea><\/span>\n<div class=\"qodef-cf7-contact-btn-holder\">\n<button class=\"wpcf7-form-control wpcf7-submit eltdf-btn eltdf-btn-medium eltdf-btn-outline\" type=\"submit\"><span class=\"eltdf-btn-text\">Senden<\/span><\/button>\n<\/div>\n<\/div><p style=\"display: none !important;\" class=\"akismet-fields-container\" data-prefix=\"_wpcf7_ak_\"><label>&#916;<textarea name=\"_wpcf7_ak_hp_textarea\" cols=\"45\" rows=\"8\" maxlength=\"100\"><\/textarea><\/label><input type=\"hidden\" id=\"ak_js_1\" name=\"_wpcf7_ak_js\" value=\"157\"\/><script type=\"text\/javascript\">\n\/* <![CDATA[ *\/\ndocument.getElementById( \"ak_js_1\" ).setAttribute( \"value\", ( new Date() ).getTime() );\n\/* ]]> *\/\n<\/script>\n<\/p><div class=\"wpcf7-response-output\" aria-hidden=\"true\"><\/div>\n<\/form>\n<\/div>\n<\/div><\/div><\/div><div class=\"wpb_column vc_column_container vc_col-sm-12 vc_col-lg-6 vc_col-md-12\"><div class=\"vc_column-inner\"><div class=\"wpb_wrapper\"><div class=\"eltdf-elements-holder   eltdf-two-columns  eltdf-responsive-mode-680  fifty-fifty\" ><div class=\"eltdf-eh-item    \"  data-item-class=\"eltdf-eh-custom-6935\" data-1400-1600=\"28px 0px 0 10px\" data-1025-1399=\"28px 0px 0 10px\" data-769-1024=\"40px 40px 0 40px\" data-681-768=\"40px 40px 0 40px\" data-680=\"40px 30px 0 30px\">\n\t<div class=\"eltdf-eh-item-inner\">\n\t\t<div class=\"eltdf-eh-item-content eltdf-eh-custom-6935\" style=\"padding: 28px 0px 0 60px\">\n\t\t\t\n\t<div class=\"wpb_text_column wpb_content_element\" >\n\t\t<div class=\"wpb_wrapper\">\n\t\t\t<h5 style=\"text-align: center;\">Pappala Pub e.U.<\/h5>\n\n\t\t<\/div>\n\t<\/div>\n<div class=\"vc_empty_space\"   style=\"height: 2px\"><span class=\"vc_empty_space_inner\"><\/span><\/div>\n\t<div class=\"wpb_text_column wpb_content_element wpb_animate_when_almost_visible wpb_fadeInUp fadeInUp\" >\n\t\t<div class=\"wpb_wrapper\">\n\t\t\t<p style=\"text-align: center;\"><a style=\"line-height: 36px;\" href=\"https:\/\/www.google.at\/maps\/place\/Pappala+Pub\/@48.2297592,16.3482864,17z\/data=!3m1!4b1!4m5!3m4!1s0x476d07cdc683e773:0x2115785ab5a8af86!8m2!3d48.2297592!4d16.3504751?hl=de\" target=\"_blank\" rel=\"noopener noreferrer\">U-Bahn-Bogen 156-157, 1090 Wien<\/a><br \/>\n<a style=\"line-height: 36px;\" href=\"tel:+4313102217\">Tel: +43 1 3102217<\/a>,<br \/>\n<a style=\"line-height: 36px;\" href=\"mailto:hallo@pappalapub.at\">hallo@pappalapub.at<\/a><\/p>\n<p style=\"text-align: center;\"><strong>MO-DI: 18:00-02:00 Uhr<\/strong><\/p>\n<p style=\"text-align: center;\"><strong>MI-DO: 17:00-02:00 Uhr\u00a0<\/strong><\/p>\n<p style=\"text-align: center;\"><strong>FR-SA: 19:00-04:00 Uhr<\/strong><\/p>\n<p style=\"text-align: center;\"><strong>SO: 19:00-24:00 Uhr<\/strong><\/p>\n\n\t\t<\/div>\n\t<\/div>\n<div class=\"vc_empty_space\"   style=\"height: 57px\"><span class=\"vc_empty_space_inner\"><\/span><\/div>\n\t<div class=\"wpb_text_column wpb_content_element wpb_animate_when_almost_visible wpb_fadeInUp fadeInUp\" >\n\t\t<div class=\"wpb_wrapper\">\n\t\t\t<p style=\"text-align: center;\"><a style=\"line-height: 36px;\" href=\"https:\/\/www.pappalapub.at\/wp-content\/uploads\/2024\/05\/Pappala-Pub-Bar-Karte.pdf\" target=\"_blank\" rel=\"noopener noreferrer\">\u27a1\ufe0f Download Getr\u00e4nkekarte<\/a><br \/>\n<a style=\"line-height: 36px;\" href=\"https:\/\/www.pappalapub.at\/wp-content\/uploads\/2024\/05\/PARTY_FLYER_PAPPALAPUB.pdf\" target=\"_blank\" rel=\"noopener\">\u27a1\ufe0f Download Partyraum Flyer<\/a><br \/>\n<a style=\"line-height: 36px;\" href=\"https:\/\/app.resmio.com\/pappala-pub-2\/widget?source=GoogleCTA\" target=\"_blank\" rel=\"noopener\">\u27a1\ufe0f Tisch reservieren<\/a><\/p>\n\n\t\t<\/div>\n\t<\/div>\n\t\t<\/div>\n\t<\/div>\n<\/div><\/div><\/div><\/div><\/div><\/div><\/div><\/div><div class=\"vc_row wpb_row vc_row-fluid\" ><div class=\"wpb_column vc_column_container vc_col-sm-12\"><div class=\"vc_column-inner\"><div class=\"wpb_wrapper\"><\/div><\/div><\/div><\/div>\n<\/div>","protected":false},"excerpt":{"rendered":"Was bedeutet Pappala Pub? Der Ausdruck \"Pappalapub\" ist ein etabliertes Sprichwort im deutschen Sprachgebrauch. Der Name kombiniert kreativ und humorvoll die W\u00f6rter \"Pappala\" und \"Pub\", als einen umgangssprachlichen Ausdruck, der in \u00d6sterreich und Deutschland verwendet wird und soviel wie \"Unsinn\" oder \"Bl\u00f6dsinn\" bedeutet. In diesem Kontext, ist unser Pub ein Ort, an dem man unbeschwert und fr\u00f6hlich sein kann, ohne [...]","protected":false},"author":1,"featured_media":0,"parent":0,"menu_order":0,"comment_status":"closed","ping_status":"closed","template":"full-width.php","meta":{"footnotes":""},"class_list":["post-682","page","type-page","status-publish","hentry"],"yoast_head":"<!-- This site is optimized with the Yoast SEO Premium plugin v27.6 (Yoast SEO v27.6) - https:\/\/yoast.com\/product\/yoast-seo-premium-wordpress\/ -->\n<title>Kontakt - Pappala Pub | Dein Pub in Wien<\/title>\n<meta name=\"description\" content=\"Kontaktiere das Pappala Pub in Wien! Erfahre unsere \u00d6ffnungszeiten, Adresse und Kontaktinformationen. Wir freuen uns auf deinen Besuch! :)\" \/>\n<meta name=\"robots\" content=\"index, follow, max-snippet:-1, max-image-preview:large, max-video-preview:-1\" \/>\n<link rel=\"canonical\" href=\"https:\/\/www.pappalapub.at\/en\/kontaktiere-uns\/\" \/>\n<meta property=\"og:locale\" content=\"en_GB\" \/>\n<meta property=\"og:type\" content=\"article\" \/>\n<meta property=\"og:title\" content=\"Kontakt\" \/>\n<meta property=\"og:description\" content=\"Kontaktiere das Pappala Pub in Wien! Erfahre unsere \u00d6ffnungszeiten, Adresse und Kontaktinformationen. Wir freuen uns auf deinen Besuch! :)\" \/>\n<meta property=\"og:url\" content=\"https:\/\/www.pappalapub.at\/en\/kontaktiere-uns\/\" \/>\n<meta property=\"og:site_name\" content=\"Pappala Pub | Dein Pub in Wien\" \/>\n<meta property=\"article:publisher\" content=\"https:\/\/www.facebook.com\/PappalaPub\/\" \/>\n<meta property=\"article:modified_time\" content=\"2026-01-07T14:38:42+00:00\" \/>\n<meta property=\"og:image\" content=\"https:\/\/i0.wp.com\/www.pappalapub.at\/wp-content\/uploads\/2021\/03\/Simon-Hartberger-PPub-6137-farbe.jpeg?fit=640%2C427&ssl=1\" \/>\n\t<meta property=\"og:image:width\" content=\"640\" \/>\n\t<meta property=\"og:image:height\" content=\"427\" \/>\n\t<meta property=\"og:image:type\" content=\"image\/jpeg\" \/>\n<meta name=\"twitter:card\" content=\"summary_large_image\" \/>\n<meta name=\"twitter:label1\" content=\"Est. reading time\" \/>\n\t<meta name=\"twitter:data1\" content=\"2 minutes\" \/>\n<script type=\"application\/ld+json\" class=\"yoast-schema-graph\">{\"@context\":\"https:\\\/\\\/schema.org\",\"@graph\":[{\"@type\":[\"WebPage\",\"ContactPage\"],\"@id\":\"https:\\\/\\\/www.pappalapub.at\\\/kontaktiere-uns\\\/\",\"url\":\"https:\\\/\\\/www.pappalapub.at\\\/kontaktiere-uns\\\/\",\"name\":\"Kontakt - Pappala Pub | Dein Pub in Wien\",\"isPartOf\":{\"@id\":\"https:\\\/\\\/www.pappalapub.at\\\/#website\"},\"datePublished\":\"2019-10-29T16:07:45+00:00\",\"dateModified\":\"2026-01-07T14:38:42+00:00\",\"description\":\"Kontaktiere das Pappala Pub in Wien! Erfahre unsere \u00d6ffnungszeiten, Adresse und Kontaktinformationen. Wir freuen uns auf deinen Besuch! :)\",\"breadcrumb\":{\"@id\":\"https:\\\/\\\/www.pappalapub.at\\\/kontaktiere-uns\\\/#breadcrumb\"},\"inLanguage\":\"en-GB\",\"potentialAction\":[{\"@type\":\"ReadAction\",\"target\":[\"https:\\\/\\\/www.pappalapub.at\\\/kontaktiere-uns\\\/\"]}]},{\"@type\":\"BreadcrumbList\",\"@id\":\"https:\\\/\\\/www.pappalapub.at\\\/kontaktiere-uns\\\/#breadcrumb\",\"itemListElement\":[{\"@type\":\"ListItem\",\"position\":1,\"name\":\"Startseite\",\"item\":\"https:\\\/\\\/www.pappalapub.at\\\/\"},{\"@type\":\"ListItem\",\"position\":2,\"name\":\"Kontakt\"}]},{\"@type\":\"WebSite\",\"@id\":\"https:\\\/\\\/www.pappalapub.at\\\/#website\",\"url\":\"https:\\\/\\\/www.pappalapub.at\\\/\",\"name\":\"Pappala Pub | Party- und Eventlocation in Wien\",\"description\":\"Party- &amp; Eventlocation + Onlineshop\",\"publisher\":{\"@id\":\"https:\\\/\\\/www.pappalapub.at\\\/#organization\"},\"alternateName\":\"Pappala Pub | Dein Pub in Wien\",\"potentialAction\":[{\"@type\":\"SearchAction\",\"target\":{\"@type\":\"EntryPoint\",\"urlTemplate\":\"https:\\\/\\\/www.pappalapub.at\\\/?s={search_term_string}\"},\"query-input\":{\"@type\":\"PropertyValueSpecification\",\"valueRequired\":true,\"valueName\":\"search_term_string\"}}],\"inLanguage\":\"en-GB\"},{\"@type\":[\"Organization\",\"Place\",\"BarOrPub\"],\"@id\":\"https:\\\/\\\/www.pappalapub.at\\\/#organization\",\"name\":\"Pappala Pub\",\"alternateName\":\"PPub\",\"url\":\"https:\\\/\\\/www.pappalapub.at\\\/\",\"logo\":{\"@id\":\"https:\\\/\\\/www.pappalapub.at\\\/kontaktiere-uns\\\/#local-main-organization-logo\"},\"image\":{\"@id\":\"https:\\\/\\\/www.pappalapub.at\\\/kontaktiere-uns\\\/#local-main-organization-logo\"},\"sameAs\":[\"https:\\\/\\\/www.facebook.com\\\/PappalaPub\\\/\",\"https:\\\/\\\/www.instagram.com\\\/pappala_pub\\\/\",\"https:\\\/\\\/www.tiktok.com\\\/@pappala.pub\"],\"address\":{\"@id\":\"https:\\\/\\\/www.pappalapub.at\\\/kontaktiere-uns\\\/#local-main-place-address\"},\"geo\":{\"@type\":\"GeoCoordinates\",\"latitude\":\"48.2297002\",\"longitude\":\"16.3503971\"},\"telephone\":[\"+4313102217\"],\"contactPoint\":{\"@type\":\"ContactPoint\",\"email\":\"hallo@pappalapub.at\"},\"openingHoursSpecification\":[{\"@type\":\"OpeningHoursSpecification\",\"dayOfWeek\":[\"Monday\",\"Tuesday\",\"Wednesday\",\"Thursday\",\"Friday\",\"Saturday\",\"Sunday\"],\"opens\":\"09:00\",\"closes\":\"17:00\"}],\"email\":\"hallo@pappalapub.at\",\"taxID\":\"ATU71251717\",\"priceRange\":\"$\",\"currenciesAccepted\":\"EURO\",\"paymentAccepted\":\"Cash or Card\"},{\"@type\":\"PostalAddress\",\"@id\":\"https:\\\/\\\/www.pappalapub.at\\\/kontaktiere-uns\\\/#local-main-place-address\",\"streetAddress\":\"U-Bahn Bogen 156+157\",\"addressLocality\":\"Vienna\",\"postalCode\":\"1090\",\"addressCountry\":\"AT\"},{\"@type\":\"ImageObject\",\"inLanguage\":\"en-GB\",\"@id\":\"https:\\\/\\\/www.pappalapub.at\\\/kontaktiere-uns\\\/#local-main-organization-logo\",\"url\":\"https:\\\/\\\/i0.wp.com\\\/www.pappalapub.at\\\/wp-content\\\/uploads\\\/2024\\\/05\\\/Simon-Hartberger-ppub-full-small-schwarz-rot-1.png?fit=400%2C192&ssl=1\",\"contentUrl\":\"https:\\\/\\\/i0.wp.com\\\/www.pappalapub.at\\\/wp-content\\\/uploads\\\/2024\\\/05\\\/Simon-Hartberger-ppub-full-small-schwarz-rot-1.png?fit=400%2C192&ssl=1\",\"width\":400,\"height\":192,\"caption\":\"Pappala Pub\"}]}<\/script>\n<meta name=\"geo.placename\" content=\"Vienna\" \/>\n<meta name=\"geo.position\" content=\"48.2297002;16.3503971\" \/>\n<meta name=\"geo.region\" content=\"Austria\" \/>\n<!-- \/ Yoast SEO Premium plugin. -->","yoast_head_json":{"title":"Kontakt - Pappala Pub | Dein Pub in Wien","description":"Kontaktiere das Pappala Pub in Wien! Erfahre unsere \u00d6ffnungszeiten, Adresse und Kontaktinformationen. Wir freuen uns auf deinen Besuch! :)","robots":{"index":"index","follow":"follow","max-snippet":"max-snippet:-1","max-image-preview":"max-image-preview:large","max-video-preview":"max-video-preview:-1"},"canonical":"https:\/\/www.pappalapub.at\/en\/kontaktiere-uns\/","og_locale":"en_GB","og_type":"article","og_title":"Kontakt","og_description":"Kontaktiere das Pappala Pub in Wien! Erfahre unsere \u00d6ffnungszeiten, Adresse und Kontaktinformationen. Wir freuen uns auf deinen Besuch! :)","og_url":"https:\/\/www.pappalapub.at\/en\/kontaktiere-uns\/","og_site_name":"Pappala Pub | Dein Pub in Wien","article_publisher":"https:\/\/www.facebook.com\/PappalaPub\/","article_modified_time":"2026-01-07T14:38:42+00:00","og_image":[{"width":640,"height":427,"url":"https:\/\/i0.wp.com\/www.pappalapub.at\/wp-content\/uploads\/2021\/03\/Simon-Hartberger-PPub-6137-farbe.jpeg?fit=640%2C427&ssl=1","type":"image\/jpeg"}],"twitter_card":"summary_large_image","twitter_misc":{"Est. reading time":"2 minutes"},"schema":{"@context":"https:\/\/schema.org","@graph":[{"@type":["WebPage","ContactPage"],"@id":"https:\/\/www.pappalapub.at\/kontaktiere-uns\/","url":"https:\/\/www.pappalapub.at\/kontaktiere-uns\/","name":"Kontakt - Pappala Pub | Dein Pub in Wien","isPartOf":{"@id":"https:\/\/www.pappalapub.at\/#website"},"datePublished":"2019-10-29T16:07:45+00:00","dateModified":"2026-01-07T14:38:42+00:00","description":"Kontaktiere das Pappala Pub in Wien! Erfahre unsere \u00d6ffnungszeiten, Adresse und Kontaktinformationen. Wir freuen uns auf deinen Besuch! :)","breadcrumb":{"@id":"https:\/\/www.pappalapub.at\/kontaktiere-uns\/#breadcrumb"},"inLanguage":"en-GB","potentialAction":[{"@type":"ReadAction","target":["https:\/\/www.pappalapub.at\/kontaktiere-uns\/"]}]},{"@type":"BreadcrumbList","@id":"https:\/\/www.pappalapub.at\/kontaktiere-uns\/#breadcrumb","itemListElement":[{"@type":"ListItem","position":1,"name":"Startseite","item":"https:\/\/www.pappalapub.at\/"},{"@type":"ListItem","position":2,"name":"Kontakt"}]},{"@type":"WebSite","@id":"https:\/\/www.pappalapub.at\/#website","url":"https:\/\/www.pappalapub.at\/","name":"Pappala Pub | Party- und Eventlocation in Wien","description":"Party- &amp; Eventlocation + Onlineshop","publisher":{"@id":"https:\/\/www.pappalapub.at\/#organization"},"alternateName":"Pappala Pub | Dein Pub in Wien","potentialAction":[{"@type":"SearchAction","target":{"@type":"EntryPoint","urlTemplate":"https:\/\/www.pappalapub.at\/?s={search_term_string}"},"query-input":{"@type":"PropertyValueSpecification","valueRequired":true,"valueName":"search_term_string"}}],"inLanguage":"en-GB"},{"@type":["Organization","Place","BarOrPub"],"@id":"https:\/\/www.pappalapub.at\/#organization","name":"Pappala Pub","alternateName":"PPub","url":"https:\/\/www.pappalapub.at\/","logo":{"@id":"https:\/\/www.pappalapub.at\/kontaktiere-uns\/#local-main-organization-logo"},"image":{"@id":"https:\/\/www.pappalapub.at\/kontaktiere-uns\/#local-main-organization-logo"},"sameAs":["https:\/\/www.facebook.com\/PappalaPub\/","https:\/\/www.instagram.com\/pappala_pub\/","https:\/\/www.tiktok.com\/@pappala.pub"],"address":{"@id":"https:\/\/www.pappalapub.at\/kontaktiere-uns\/#local-main-place-address"},"geo":{"@type":"GeoCoordinates","latitude":"48.2297002","longitude":"16.3503971"},"telephone":["+4313102217"],"contactPoint":{"@type":"ContactPoint","email":"hallo@pappalapub.at"},"openingHoursSpecification":[{"@type":"OpeningHoursSpecification","dayOfWeek":["Monday","Tuesday","Wednesday","Thursday","Friday","Saturday","Sunday"],"opens":"09:00","closes":"17:00"}],"email":"hallo@pappalapub.at","taxID":"ATU71251717","priceRange":"$","currenciesAccepted":"EURO","paymentAccepted":"Cash or Card"},{"@type":"PostalAddress","@id":"https:\/\/www.pappalapub.at\/kontaktiere-uns\/#local-main-place-address","streetAddress":"U-Bahn Bogen 156+157","addressLocality":"Vienna","postalCode":"1090","addressCountry":"AT"},{"@type":"ImageObject","inLanguage":"en-GB","@id":"https:\/\/www.pappalapub.at\/kontaktiere-uns\/#local-main-organization-logo","url":"https:\/\/i0.wp.com\/www.pappalapub.at\/wp-content\/uploads\/2024\/05\/Simon-Hartberger-ppub-full-small-schwarz-rot-1.png?fit=400%2C192&ssl=1","contentUrl":"https:\/\/i0.wp.com\/www.pappalapub.at\/wp-content\/uploads\/2024\/05\/Simon-Hartberger-ppub-full-small-schwarz-rot-1.png?fit=400%2C192&ssl=1","width":400,"height":192,"caption":"Pappala Pub"}]},"geo.placename":"Vienna","geo.position":{"lat":"48.2297002","long":"16.3503971"},"geo.region":"Austria"},"jetpack_sharing_enabled":true,"_links":{"self":[{"href":"https:\/\/www.pappalapub.at\/en\/wp-json\/wp\/v2\/pages\/682","targetHints":{"allow":["GET"]}}],"collection":[{"href":"https:\/\/www.pappalapub.at\/en\/wp-json\/wp\/v2\/pages"}],"about":[{"href":"https:\/\/www.pappalapub.at\/en\/wp-json\/wp\/v2\/types\/page"}],"author":[{"embeddable":true,"href":"https:\/\/www.pappalapub.at\/en\/wp-json\/wp\/v2\/users\/1"}],"replies":[{"embeddable":true,"href":"https:\/\/www.pappalapub.at\/en\/wp-json\/wp\/v2\/comments?post=682"}],"version-history":[{"count":25,"href":"https:\/\/www.pappalapub.at\/en\/wp-json\/wp\/v2\/pages\/682\/revisions"}],"predecessor-version":[{"id":3254,"href":"https:\/\/www.pappalapub.at\/en\/wp-json\/wp\/v2\/pages\/682\/revisions\/3254"}],"wp:attachment":[{"href":"https:\/\/www.pappalapub.at\/en\/wp-json\/wp\/v2\/media?parent=682"}],"curies":[{"name":"wp","href":"https:\/\/api.w.org\/{rel}","templated":true}]}}