{"id":2566,"date":"2021-03-29T05:05:16","date_gmt":"2021-03-29T03:05:16","guid":{"rendered":"https:\/\/www.pappalapub.at\/zahlungsweisen\/"},"modified":"2024-06-19T14:40:29","modified_gmt":"2024-06-19T12:40:29","slug":"zahlungsweisen","status":"publish","type":"page","link":"https:\/\/www.pappalapub.at\/en\/zahlungsweisen\/","title":{"rendered":"Zahlungsweisen"},"content":{"rendered":"<p><strong>Zahlungsarten<\/strong><\/p>\n<p>Wir bieten Ihnen folgende Zahlungsarten an. Suchen Sie sich einfach die f\u00fcr Sie optimale Zahlart aus. Die Versandkosten sind teilweise abh\u00e4ngig von der gew\u00e4hlten Zahlungsart. Die in den jeweiligen Angeboten angef\u00fchrten Preise stellen Endpreise dar. Sie beinhalten alle Preisbestandteile einschlie\u00dflich etwaig anfallender Steuern wie Mehrwertsteuer. Nur bei grenz\u00fcberschreitender Lieferung k\u00f6nnen im Einzelfall weitere Steuern (z.B. im Falle eines innergemeinschaftlichen Erwerbs) und\/oder Abgaben (z.B. Z\u00f6lle) von Ihnen zu zahlen sein, jedoch nicht an den Verk\u00e4ufer, sondern an die dort zust\u00e4ndigen Zoll- bzw. Steuerbeh\u00f6rden. Die anfallenden Liefer- und Versandkosten sind nicht im Kaufpreis enthalten, sie sind \u00fcber die Seite \u201eVersandkosten\u201c aufrufbar, werden im Laufe des Bestellvorganges gesondert ausgewiesen und sind von Ihnen zus\u00e4tzlich zu tragen.<\/p>\n<p><strong><em>Kartenzahlung<\/em><\/strong><\/p>\n<p>Zahlen Sie ganz einfach per Bankomat-, Kredit- und Debitkarte oder mit dem von unserem Zahlungsdienstleister Concardis untegrierten PayPal Service.<\/p>\n<p><strong><em>Vorkasse<\/em><\/strong><\/p>\n<p>Bitte \u00fcberweisen Sie den Gesamtbetrag Ihrer Bestellung auf unser Konto:<\/p>\n<p>Kontoinhaber: Simon Hartberger<br \/>\nKreditinstitut: ERSTE BANK<br \/>\nIBAN:\u00a0AT87 2011 1828 5842 3500<\/p>\n<p>BIC\/SWIFT:\u00a0GIBAATWWXXX<\/p>\n<p><strong><em>Bar- oder Kartenzahlung bei Abholung<\/em><\/strong><\/p>\n<p>Bestellen Sie online und holen Sie Ihre Bestellung bei uns im Laden einfach ab:<\/p>\n<p>Montag-Donnerstag: 17:00-02:00 Uhr<br \/>\nFreitag-Samstag: 19:00-04:00 Uhr<br \/>\nSonntag: 19:00-24:00 Uhr<\/p>","protected":false},"excerpt":{"rendered":"<p>Zahlungsarten Wir bieten Ihnen folgende Zahlungsarten an. Suchen Sie sich einfach die f\u00fcr Sie optimale Zahlart aus. Die Versandkosten sind teilweise abh\u00e4ngig von der gew\u00e4hlten Zahlungsart. Die in den jeweiligen Angeboten angef\u00fchrten Preise stellen Endpreise dar. Sie beinhalten alle Preisbestandteile einschlie\u00dflich etwaig anfallender Steuern wie Mehrwertsteuer. Nur bei grenz\u00fcberschreitender Lieferung k\u00f6nnen im Einzelfall weitere Steuern (z.B. im Falle eines innergemeinschaftlichen [&hellip;]<\/p>\n","protected":false},"author":1,"featured_media":0,"parent":0,"menu_order":0,"comment_status":"closed","ping_status":"closed","template":"","meta":{"footnotes":""},"class_list":["post-2566","page","type-page","status-publish","hentry"],"yoast_head":"<!-- This site is optimized with the Yoast SEO Premium plugin v27.6 (Yoast SEO v27.6) - https:\/\/yoast.com\/product\/yoast-seo-premium-wordpress\/ -->\n<title>Zahlungsweisen - Pappala Pub | Dein Pub in Wien<\/title>\n<meta name=\"description\" content=\"W\u00e4hle aus verschiedenen sicheren Optionen wie Kreditkarte, \u00dcberweisung, oder in bar bei Abholung vor Ort.\" \/>\n<meta name=\"robots\" content=\"index, follow, max-snippet:-1, max-image-preview:large, max-video-preview:-1\" \/>\n<link rel=\"canonical\" href=\"https:\/\/www.pappalapub.at\/en\/zahlungsweisen\/\" \/>\n<meta property=\"og:locale\" content=\"en_GB\" \/>\n<meta property=\"og:type\" content=\"article\" \/>\n<meta property=\"og:title\" content=\"Zahlungsweisen\" \/>\n<meta property=\"og:description\" content=\"W\u00e4hle aus verschiedenen sicheren Optionen wie Kreditkarte, \u00dcberweisung, oder in bar bei Abholung vor Ort.\" \/>\n<meta property=\"og:url\" content=\"https:\/\/www.pappalapub.at\/en\/zahlungsweisen\/\" \/>\n<meta property=\"og:site_name\" content=\"Pappala Pub | Dein Pub in Wien\" \/>\n<meta property=\"article:publisher\" content=\"https:\/\/www.facebook.com\/PappalaPub\/\" \/>\n<meta property=\"article:modified_time\" content=\"2024-06-19T12:40:29+00:00\" \/>\n<meta property=\"og:image\" content=\"https:\/\/i0.wp.com\/www.pappalapub.at\/wp-content\/uploads\/2021\/03\/Simon-Hartberger-PPub-6137-farbe.jpeg?fit=640%2C427&ssl=1\" \/>\n\t<meta property=\"og:image:width\" content=\"640\" \/>\n\t<meta property=\"og:image:height\" content=\"427\" \/>\n\t<meta property=\"og:image:type\" content=\"image\/jpeg\" \/>\n<meta name=\"twitter:card\" content=\"summary_large_image\" \/>\n<meta name=\"twitter:label1\" content=\"Est. reading time\" \/>\n\t<meta name=\"twitter:data1\" content=\"2 minutes\" \/>\n<script type=\"application\/ld+json\" class=\"yoast-schema-graph\">{\"@context\":\"https:\\\/\\\/schema.org\",\"@graph\":[{\"@type\":\"WebPage\",\"@id\":\"https:\\\/\\\/www.pappalapub.at\\\/zahlungsweisen\\\/\",\"url\":\"https:\\\/\\\/www.pappalapub.at\\\/zahlungsweisen\\\/\",\"name\":\"Zahlungsweisen - Pappala Pub | Dein Pub in Wien\",\"isPartOf\":{\"@id\":\"https:\\\/\\\/www.pappalapub.at\\\/#website\"},\"datePublished\":\"2021-03-29T03:05:16+00:00\",\"dateModified\":\"2024-06-19T12:40:29+00:00\",\"description\":\"W\u00e4hle aus verschiedenen sicheren Optionen wie Kreditkarte, \u00dcberweisung, oder in bar bei Abholung vor Ort.\",\"breadcrumb\":{\"@id\":\"https:\\\/\\\/www.pappalapub.at\\\/zahlungsweisen\\\/#breadcrumb\"},\"inLanguage\":\"en-GB\",\"potentialAction\":[{\"@type\":\"ReadAction\",\"target\":[\"https:\\\/\\\/www.pappalapub.at\\\/zahlungsweisen\\\/\"]}]},{\"@type\":\"BreadcrumbList\",\"@id\":\"https:\\\/\\\/www.pappalapub.at\\\/zahlungsweisen\\\/#breadcrumb\",\"itemListElement\":[{\"@type\":\"ListItem\",\"position\":1,\"name\":\"Startseite\",\"item\":\"https:\\\/\\\/www.pappalapub.at\\\/\"},{\"@type\":\"ListItem\",\"position\":2,\"name\":\"Zahlungsweisen\"}]},{\"@type\":\"WebSite\",\"@id\":\"https:\\\/\\\/www.pappalapub.at\\\/#website\",\"url\":\"https:\\\/\\\/www.pappalapub.at\\\/\",\"name\":\"Pappala Pub | Party- und Eventlocation in Wien\",\"description\":\"Party- &amp; Eventlocation + Onlineshop\",\"publisher\":{\"@id\":\"https:\\\/\\\/www.pappalapub.at\\\/#organization\"},\"alternateName\":\"Pappala Pub | Dein Pub in Wien\",\"potentialAction\":[{\"@type\":\"SearchAction\",\"target\":{\"@type\":\"EntryPoint\",\"urlTemplate\":\"https:\\\/\\\/www.pappalapub.at\\\/?s={search_term_string}\"},\"query-input\":{\"@type\":\"PropertyValueSpecification\",\"valueRequired\":true,\"valueName\":\"search_term_string\"}}],\"inLanguage\":\"en-GB\"},{\"@type\":[\"Organization\",\"Place\",\"BarOrPub\"],\"@id\":\"https:\\\/\\\/www.pappalapub.at\\\/#organization\",\"name\":\"Pappala Pub\",\"alternateName\":\"PPub\",\"url\":\"https:\\\/\\\/www.pappalapub.at\\\/\",\"logo\":{\"@id\":\"https:\\\/\\\/www.pappalapub.at\\\/zahlungsweisen\\\/#local-main-organization-logo\"},\"image\":{\"@id\":\"https:\\\/\\\/www.pappalapub.at\\\/zahlungsweisen\\\/#local-main-organization-logo\"},\"sameAs\":[\"https:\\\/\\\/www.facebook.com\\\/PappalaPub\\\/\",\"https:\\\/\\\/www.instagram.com\\\/pappala_pub\\\/\",\"https:\\\/\\\/www.tiktok.com\\\/@pappala.pub\"],\"address\":{\"@id\":\"https:\\\/\\\/www.pappalapub.at\\\/zahlungsweisen\\\/#local-main-place-address\"},\"geo\":{\"@type\":\"GeoCoordinates\",\"latitude\":\"48.2297002\",\"longitude\":\"16.3503971\"},\"telephone\":[\"+4313102217\"],\"contactPoint\":{\"@type\":\"ContactPoint\",\"email\":\"hallo@pappalapub.at\"},\"openingHoursSpecification\":[{\"@type\":\"OpeningHoursSpecification\",\"dayOfWeek\":[\"Monday\",\"Tuesday\",\"Wednesday\",\"Thursday\",\"Friday\",\"Saturday\",\"Sunday\"],\"opens\":\"09:00\",\"closes\":\"17:00\"}],\"email\":\"hallo@pappalapub.at\",\"taxID\":\"ATU71251717\",\"priceRange\":\"$\",\"currenciesAccepted\":\"EURO\",\"paymentAccepted\":\"Cash or Card\"},{\"@type\":\"PostalAddress\",\"@id\":\"https:\\\/\\\/www.pappalapub.at\\\/zahlungsweisen\\\/#local-main-place-address\",\"streetAddress\":\"U-Bahn Bogen 156+157\",\"addressLocality\":\"Vienna\",\"postalCode\":\"1090\",\"addressCountry\":\"AT\"},{\"@type\":\"ImageObject\",\"inLanguage\":\"en-GB\",\"@id\":\"https:\\\/\\\/www.pappalapub.at\\\/zahlungsweisen\\\/#local-main-organization-logo\",\"url\":\"https:\\\/\\\/i0.wp.com\\\/www.pappalapub.at\\\/wp-content\\\/uploads\\\/2024\\\/05\\\/Simon-Hartberger-ppub-full-small-schwarz-rot-1.png?fit=400%2C192&ssl=1\",\"contentUrl\":\"https:\\\/\\\/i0.wp.com\\\/www.pappalapub.at\\\/wp-content\\\/uploads\\\/2024\\\/05\\\/Simon-Hartberger-ppub-full-small-schwarz-rot-1.png?fit=400%2C192&ssl=1\",\"width\":400,\"height\":192,\"caption\":\"Pappala Pub\"}]}<\/script>\n<meta name=\"geo.placename\" content=\"Vienna\" \/>\n<meta name=\"geo.position\" content=\"48.2297002;16.3503971\" \/>\n<meta name=\"geo.region\" content=\"Austria\" \/>\n<!-- \/ Yoast SEO Premium plugin. -->","yoast_head_json":{"title":"Zahlungsweisen - Pappala Pub | Dein Pub in Wien","description":"W\u00e4hle aus verschiedenen sicheren Optionen wie Kreditkarte, \u00dcberweisung, oder in bar bei Abholung vor Ort.","robots":{"index":"index","follow":"follow","max-snippet":"max-snippet:-1","max-image-preview":"max-image-preview:large","max-video-preview":"max-video-preview:-1"},"canonical":"https:\/\/www.pappalapub.at\/en\/zahlungsweisen\/","og_locale":"en_GB","og_type":"article","og_title":"Zahlungsweisen","og_description":"W\u00e4hle aus verschiedenen sicheren Optionen wie Kreditkarte, \u00dcberweisung, oder in bar bei Abholung vor Ort.","og_url":"https:\/\/www.pappalapub.at\/en\/zahlungsweisen\/","og_site_name":"Pappala Pub | Dein Pub in Wien","article_publisher":"https:\/\/www.facebook.com\/PappalaPub\/","article_modified_time":"2024-06-19T12:40:29+00:00","og_image":[{"width":640,"height":427,"url":"https:\/\/i0.wp.com\/www.pappalapub.at\/wp-content\/uploads\/2021\/03\/Simon-Hartberger-PPub-6137-farbe.jpeg?fit=640%2C427&ssl=1","type":"image\/jpeg"}],"twitter_card":"summary_large_image","twitter_misc":{"Est. reading time":"2 minutes"},"schema":{"@context":"https:\/\/schema.org","@graph":[{"@type":"WebPage","@id":"https:\/\/www.pappalapub.at\/zahlungsweisen\/","url":"https:\/\/www.pappalapub.at\/zahlungsweisen\/","name":"Zahlungsweisen - Pappala Pub | Dein Pub in Wien","isPartOf":{"@id":"https:\/\/www.pappalapub.at\/#website"},"datePublished":"2021-03-29T03:05:16+00:00","dateModified":"2024-06-19T12:40:29+00:00","description":"W\u00e4hle aus verschiedenen sicheren Optionen wie Kreditkarte, \u00dcberweisung, oder in bar bei Abholung vor Ort.","breadcrumb":{"@id":"https:\/\/www.pappalapub.at\/zahlungsweisen\/#breadcrumb"},"inLanguage":"en-GB","potentialAction":[{"@type":"ReadAction","target":["https:\/\/www.pappalapub.at\/zahlungsweisen\/"]}]},{"@type":"BreadcrumbList","@id":"https:\/\/www.pappalapub.at\/zahlungsweisen\/#breadcrumb","itemListElement":[{"@type":"ListItem","position":1,"name":"Startseite","item":"https:\/\/www.pappalapub.at\/"},{"@type":"ListItem","position":2,"name":"Zahlungsweisen"}]},{"@type":"WebSite","@id":"https:\/\/www.pappalapub.at\/#website","url":"https:\/\/www.pappalapub.at\/","name":"Pappala Pub | Party- und Eventlocation in Wien","description":"Party- &amp; Eventlocation + Onlineshop","publisher":{"@id":"https:\/\/www.pappalapub.at\/#organization"},"alternateName":"Pappala Pub | Dein Pub in Wien","potentialAction":[{"@type":"SearchAction","target":{"@type":"EntryPoint","urlTemplate":"https:\/\/www.pappalapub.at\/?s={search_term_string}"},"query-input":{"@type":"PropertyValueSpecification","valueRequired":true,"valueName":"search_term_string"}}],"inLanguage":"en-GB"},{"@type":["Organization","Place","BarOrPub"],"@id":"https:\/\/www.pappalapub.at\/#organization","name":"Pappala Pub","alternateName":"PPub","url":"https:\/\/www.pappalapub.at\/","logo":{"@id":"https:\/\/www.pappalapub.at\/zahlungsweisen\/#local-main-organization-logo"},"image":{"@id":"https:\/\/www.pappalapub.at\/zahlungsweisen\/#local-main-organization-logo"},"sameAs":["https:\/\/www.facebook.com\/PappalaPub\/","https:\/\/www.instagram.com\/pappala_pub\/","https:\/\/www.tiktok.com\/@pappala.pub"],"address":{"@id":"https:\/\/www.pappalapub.at\/zahlungsweisen\/#local-main-place-address"},"geo":{"@type":"GeoCoordinates","latitude":"48.2297002","longitude":"16.3503971"},"telephone":["+4313102217"],"contactPoint":{"@type":"ContactPoint","email":"hallo@pappalapub.at"},"openingHoursSpecification":[{"@type":"OpeningHoursSpecification","dayOfWeek":["Monday","Tuesday","Wednesday","Thursday","Friday","Saturday","Sunday"],"opens":"09:00","closes":"17:00"}],"email":"hallo@pappalapub.at","taxID":"ATU71251717","priceRange":"$","currenciesAccepted":"EURO","paymentAccepted":"Cash or Card"},{"@type":"PostalAddress","@id":"https:\/\/www.pappalapub.at\/zahlungsweisen\/#local-main-place-address","streetAddress":"U-Bahn Bogen 156+157","addressLocality":"Vienna","postalCode":"1090","addressCountry":"AT"},{"@type":"ImageObject","inLanguage":"en-GB","@id":"https:\/\/www.pappalapub.at\/zahlungsweisen\/#local-main-organization-logo","url":"https:\/\/i0.wp.com\/www.pappalapub.at\/wp-content\/uploads\/2024\/05\/Simon-Hartberger-ppub-full-small-schwarz-rot-1.png?fit=400%2C192&ssl=1","contentUrl":"https:\/\/i0.wp.com\/www.pappalapub.at\/wp-content\/uploads\/2024\/05\/Simon-Hartberger-ppub-full-small-schwarz-rot-1.png?fit=400%2C192&ssl=1","width":400,"height":192,"caption":"Pappala Pub"}]},"geo.placename":"Vienna","geo.position":{"lat":"48.2297002","long":"16.3503971"},"geo.region":"Austria"},"jetpack_sharing_enabled":true,"_links":{"self":[{"href":"https:\/\/www.pappalapub.at\/en\/wp-json\/wp\/v2\/pages\/2566","targetHints":{"allow":["GET"]}}],"collection":[{"href":"https:\/\/www.pappalapub.at\/en\/wp-json\/wp\/v2\/pages"}],"about":[{"href":"https:\/\/www.pappalapub.at\/en\/wp-json\/wp\/v2\/types\/page"}],"author":[{"embeddable":true,"href":"https:\/\/www.pappalapub.at\/en\/wp-json\/wp\/v2\/users\/1"}],"replies":[{"embeddable":true,"href":"https:\/\/www.pappalapub.at\/en\/wp-json\/wp\/v2\/comments?post=2566"}],"version-history":[{"count":6,"href":"https:\/\/www.pappalapub.at\/en\/wp-json\/wp\/v2\/pages\/2566\/revisions"}],"predecessor-version":[{"id":3134,"href":"https:\/\/www.pappalapub.at\/en\/wp-json\/wp\/v2\/pages\/2566\/revisions\/3134"}],"wp:attachment":[{"href":"https:\/\/www.pappalapub.at\/en\/wp-json\/wp\/v2\/media?parent=2566"}],"curies":[{"name":"wp","href":"https:\/\/api.w.org\/{rel}","templated":true}]}}