{"id":2562,"date":"2021-03-29T05:05:16","date_gmt":"2021-03-29T03:05:16","guid":{"rendered":"https:\/\/www.pappalapub.at\/versand__lieferung\/"},"modified":"2021-03-31T15:06:14","modified_gmt":"2021-03-31T13:06:14","slug":"versand__lieferung","status":"publish","type":"page","link":"https:\/\/www.pappalapub.at\/en\/versand__lieferung\/","title":{"rendered":"Versand &#038; Lieferung"},"content":{"rendered":"<p><strong>Preise, Versandkosten und Lieferinformationen<\/strong><\/p>\n<p>Die auf den Produktseiten genannten Produkt\/Artikel-Preise enthalten die gesetzliche Mehrwertsteuer und sonstige Preisbestandteile.<\/p>\n<p>Sie k\u00f6nnen Ihre bestellten Produkte:<\/p>\n<ul>\n<li><strong>Abholen<\/strong> (Auswahl: <strong>Local Pickup<\/strong>): Abholort ist das Pappala Pub,\u00a0U-Bahn-Bogen 156-157, 1090 Wien. Die Abholung ist zu unseren \u00d6ffnungszeiten und\/oder nach Vereinbarung m\u00f6glich.<\/li>\n<li><strong>Liefern lassen<\/strong>: Unsere <strong>Versandkostenpauschale<\/strong>\u00a0betr\u00e4gt <strong>10.00 Euro pro Bestellung<\/strong>. Die Versandkosten werden Ihnen im Warenkorbsystem und auf der Bestellseite nochmals deutlich mitgeteilt. <strong>Wir liefern nur innerhalb \u00d6sterreichs.<\/strong><\/li>\n<\/ul>\n<p>Die Versandkostenpauschale betr\u00e4gt 10,00 Euro\/Bestellung. Die Versandkostenpauschale enth\u00e4lt die gesetzliche Mehrwertsteuer. Da die Mehrwertsteuer auf die Versandkostenpauschale abh\u00e4ngig von den erworbenen Waren berechnet wird, kann sie sich mindern, wenn Waren zu niedrigeren Umsatzsteuers\u00e4tzen erworben werden (z.B. bei Erwerb von B\u00fcchern). Das bedeutet, dass die Versandkostenpauschale erst im Rahmen des Bestellprozesses endg\u00fcltig berechnet werden kann. Sie kann dabei jedoch nicht h\u00f6her, sondern nur zu Ihren Gunsten niedriger werden.<\/p>\n<p>F\u00fcr digitale Inhalte (E-Books, Gutscheine, etc.) fallen keine Versandkosten an.<\/p>","protected":false},"excerpt":{"rendered":"<p>Preise, Versandkosten und Lieferinformationen Die auf den Produktseiten genannten Produkt\/Artikel-Preise enthalten die gesetzliche Mehrwertsteuer und sonstige Preisbestandteile. Sie k\u00f6nnen Ihre bestellten Produkte: Abholen (Auswahl: Local Pickup): Abholort ist das Pappala Pub,\u00a0U-Bahn-Bogen 156-157, 1090 Wien. Die Abholung ist zu unseren \u00d6ffnungszeiten und\/oder nach Vereinbarung m\u00f6glich. Liefern lassen: Unsere Versandkostenpauschale\u00a0betr\u00e4gt 10.00 Euro pro Bestellung. Die Versandkosten werden Ihnen im Warenkorbsystem und auf [&hellip;]<\/p>\n","protected":false},"author":1,"featured_media":0,"parent":0,"menu_order":0,"comment_status":"closed","ping_status":"closed","template":"","meta":{"footnotes":""},"class_list":["post-2562","page","type-page","status-publish","hentry"],"yoast_head":"<!-- This site is optimized with the Yoast SEO Premium plugin v27.6 (Yoast SEO v27.6) - https:\/\/yoast.com\/product\/yoast-seo-premium-wordpress\/ -->\n<title>Versand &amp; Lieferung - Pappala Pub | Dein Pub in Wien<\/title>\n<meta name=\"robots\" content=\"index, follow, max-snippet:-1, max-image-preview:large, max-video-preview:-1\" \/>\n<link rel=\"canonical\" href=\"https:\/\/www.pappalapub.at\/en\/versand__lieferung\/\" \/>\n<meta property=\"og:locale\" content=\"en_GB\" \/>\n<meta property=\"og:type\" content=\"article\" \/>\n<meta property=\"og:title\" content=\"Versand &amp; Lieferung\" \/>\n<meta property=\"og:description\" content=\"Preise, Versandkosten und Lieferinformationen Die auf den Produktseiten genannten Produkt\/Artikel-Preise enthalten die gesetzliche Mehrwertsteuer und sonstige Preisbestandteile. Sie k\u00f6nnen Ihre bestellten Produkte: Abholen (Auswahl: Local Pickup): Abholort ist das Pappala Pub,\u00a0U-Bahn-Bogen 156-157, 1090 Wien. Die Abholung ist zu unseren \u00d6ffnungszeiten und\/oder nach Vereinbarung m\u00f6glich. Liefern lassen: Unsere Versandkostenpauschale\u00a0betr\u00e4gt 10.00 Euro pro Bestellung. Die Versandkosten werden Ihnen im Warenkorbsystem und auf [&hellip;]\" \/>\n<meta property=\"og:url\" content=\"https:\/\/www.pappalapub.at\/en\/versand__lieferung\/\" \/>\n<meta property=\"og:site_name\" content=\"Pappala Pub | Dein Pub in Wien\" \/>\n<meta property=\"article:publisher\" content=\"https:\/\/www.facebook.com\/PappalaPub\/\" \/>\n<meta property=\"article:modified_time\" content=\"2021-03-31T13:06:14+00:00\" \/>\n<meta property=\"og:image\" content=\"https:\/\/i0.wp.com\/www.pappalapub.at\/wp-content\/uploads\/2021\/03\/Simon-Hartberger-PPub-6137-farbe.jpeg?fit=640%2C427&ssl=1\" \/>\n\t<meta property=\"og:image:width\" content=\"640\" \/>\n\t<meta property=\"og:image:height\" content=\"427\" \/>\n\t<meta property=\"og:image:type\" content=\"image\/jpeg\" \/>\n<meta name=\"twitter:card\" content=\"summary_large_image\" \/>\n<meta name=\"twitter:label1\" content=\"Est. reading time\" \/>\n\t<meta name=\"twitter:data1\" content=\"1 minute\" \/>\n<script type=\"application\/ld+json\" class=\"yoast-schema-graph\">{\"@context\":\"https:\\\/\\\/schema.org\",\"@graph\":[{\"@type\":\"WebPage\",\"@id\":\"https:\\\/\\\/www.pappalapub.at\\\/versand__lieferung\\\/\",\"url\":\"https:\\\/\\\/www.pappalapub.at\\\/versand__lieferung\\\/\",\"name\":\"Versand & Lieferung - Pappala Pub | Dein Pub in Wien\",\"isPartOf\":{\"@id\":\"https:\\\/\\\/www.pappalapub.at\\\/#website\"},\"datePublished\":\"2021-03-29T03:05:16+00:00\",\"dateModified\":\"2021-03-31T13:06:14+00:00\",\"breadcrumb\":{\"@id\":\"https:\\\/\\\/www.pappalapub.at\\\/versand__lieferung\\\/#breadcrumb\"},\"inLanguage\":\"en-GB\",\"potentialAction\":[{\"@type\":\"ReadAction\",\"target\":[\"https:\\\/\\\/www.pappalapub.at\\\/versand__lieferung\\\/\"]}]},{\"@type\":\"BreadcrumbList\",\"@id\":\"https:\\\/\\\/www.pappalapub.at\\\/versand__lieferung\\\/#breadcrumb\",\"itemListElement\":[{\"@type\":\"ListItem\",\"position\":1,\"name\":\"Startseite\",\"item\":\"https:\\\/\\\/www.pappalapub.at\\\/\"},{\"@type\":\"ListItem\",\"position\":2,\"name\":\"Versand &#038; Lieferung\"}]},{\"@type\":\"WebSite\",\"@id\":\"https:\\\/\\\/www.pappalapub.at\\\/#website\",\"url\":\"https:\\\/\\\/www.pappalapub.at\\\/\",\"name\":\"Pappala Pub | Party- und Eventlocation in Wien\",\"description\":\"Party- &amp; Eventlocation + Onlineshop\",\"publisher\":{\"@id\":\"https:\\\/\\\/www.pappalapub.at\\\/#organization\"},\"alternateName\":\"Pappala Pub | Dein Pub in Wien\",\"potentialAction\":[{\"@type\":\"SearchAction\",\"target\":{\"@type\":\"EntryPoint\",\"urlTemplate\":\"https:\\\/\\\/www.pappalapub.at\\\/?s={search_term_string}\"},\"query-input\":{\"@type\":\"PropertyValueSpecification\",\"valueRequired\":true,\"valueName\":\"search_term_string\"}}],\"inLanguage\":\"en-GB\"},{\"@type\":[\"Organization\",\"Place\",\"BarOrPub\"],\"@id\":\"https:\\\/\\\/www.pappalapub.at\\\/#organization\",\"name\":\"Pappala Pub\",\"alternateName\":\"PPub\",\"url\":\"https:\\\/\\\/www.pappalapub.at\\\/\",\"logo\":{\"@id\":\"https:\\\/\\\/www.pappalapub.at\\\/versand__lieferung\\\/#local-main-organization-logo\"},\"image\":{\"@id\":\"https:\\\/\\\/www.pappalapub.at\\\/versand__lieferung\\\/#local-main-organization-logo\"},\"sameAs\":[\"https:\\\/\\\/www.facebook.com\\\/PappalaPub\\\/\",\"https:\\\/\\\/www.instagram.com\\\/pappala_pub\\\/\",\"https:\\\/\\\/www.tiktok.com\\\/@pappala.pub\"],\"address\":{\"@id\":\"https:\\\/\\\/www.pappalapub.at\\\/versand__lieferung\\\/#local-main-place-address\"},\"geo\":{\"@type\":\"GeoCoordinates\",\"latitude\":\"48.2297002\",\"longitude\":\"16.3503971\"},\"telephone\":[\"+4313102217\"],\"contactPoint\":{\"@type\":\"ContactPoint\",\"email\":\"hallo@pappalapub.at\"},\"openingHoursSpecification\":[{\"@type\":\"OpeningHoursSpecification\",\"dayOfWeek\":[\"Monday\",\"Tuesday\",\"Wednesday\",\"Thursday\",\"Friday\",\"Saturday\",\"Sunday\"],\"opens\":\"09:00\",\"closes\":\"17:00\"}],\"email\":\"hallo@pappalapub.at\",\"taxID\":\"ATU71251717\",\"priceRange\":\"$\",\"currenciesAccepted\":\"EURO\",\"paymentAccepted\":\"Cash or Card\"},{\"@type\":\"PostalAddress\",\"@id\":\"https:\\\/\\\/www.pappalapub.at\\\/versand__lieferung\\\/#local-main-place-address\",\"streetAddress\":\"U-Bahn Bogen 156+157\",\"addressLocality\":\"Vienna\",\"postalCode\":\"1090\",\"addressCountry\":\"AT\"},{\"@type\":\"ImageObject\",\"inLanguage\":\"en-GB\",\"@id\":\"https:\\\/\\\/www.pappalapub.at\\\/versand__lieferung\\\/#local-main-organization-logo\",\"url\":\"https:\\\/\\\/i0.wp.com\\\/www.pappalapub.at\\\/wp-content\\\/uploads\\\/2024\\\/05\\\/Simon-Hartberger-ppub-full-small-schwarz-rot-1.png?fit=400%2C192&ssl=1\",\"contentUrl\":\"https:\\\/\\\/i0.wp.com\\\/www.pappalapub.at\\\/wp-content\\\/uploads\\\/2024\\\/05\\\/Simon-Hartberger-ppub-full-small-schwarz-rot-1.png?fit=400%2C192&ssl=1\",\"width\":400,\"height\":192,\"caption\":\"Pappala Pub\"}]}<\/script>\n<meta name=\"geo.placename\" content=\"Vienna\" \/>\n<meta name=\"geo.position\" content=\"48.2297002;16.3503971\" \/>\n<meta name=\"geo.region\" content=\"Austria\" \/>\n<!-- \/ Yoast SEO Premium plugin. -->","yoast_head_json":{"title":"Versand & Lieferung - Pappala Pub | Dein Pub in Wien","robots":{"index":"index","follow":"follow","max-snippet":"max-snippet:-1","max-image-preview":"max-image-preview:large","max-video-preview":"max-video-preview:-1"},"canonical":"https:\/\/www.pappalapub.at\/en\/versand__lieferung\/","og_locale":"en_GB","og_type":"article","og_title":"Versand & Lieferung","og_description":"Preise, Versandkosten und Lieferinformationen Die auf den Produktseiten genannten Produkt\/Artikel-Preise enthalten die gesetzliche Mehrwertsteuer und sonstige Preisbestandteile. Sie k\u00f6nnen Ihre bestellten Produkte: Abholen (Auswahl: Local Pickup): Abholort ist das Pappala Pub,\u00a0U-Bahn-Bogen 156-157, 1090 Wien. Die Abholung ist zu unseren \u00d6ffnungszeiten und\/oder nach Vereinbarung m\u00f6glich. Liefern lassen: Unsere Versandkostenpauschale\u00a0betr\u00e4gt 10.00 Euro pro Bestellung. Die Versandkosten werden Ihnen im Warenkorbsystem und auf [&hellip;]","og_url":"https:\/\/www.pappalapub.at\/en\/versand__lieferung\/","og_site_name":"Pappala Pub | Dein Pub in Wien","article_publisher":"https:\/\/www.facebook.com\/PappalaPub\/","article_modified_time":"2021-03-31T13:06:14+00:00","og_image":[{"width":640,"height":427,"url":"https:\/\/i0.wp.com\/www.pappalapub.at\/wp-content\/uploads\/2021\/03\/Simon-Hartberger-PPub-6137-farbe.jpeg?fit=640%2C427&ssl=1","type":"image\/jpeg"}],"twitter_card":"summary_large_image","twitter_misc":{"Est. reading time":"1 minute"},"schema":{"@context":"https:\/\/schema.org","@graph":[{"@type":"WebPage","@id":"https:\/\/www.pappalapub.at\/versand__lieferung\/","url":"https:\/\/www.pappalapub.at\/versand__lieferung\/","name":"Versand & Lieferung - Pappala Pub | Dein Pub in Wien","isPartOf":{"@id":"https:\/\/www.pappalapub.at\/#website"},"datePublished":"2021-03-29T03:05:16+00:00","dateModified":"2021-03-31T13:06:14+00:00","breadcrumb":{"@id":"https:\/\/www.pappalapub.at\/versand__lieferung\/#breadcrumb"},"inLanguage":"en-GB","potentialAction":[{"@type":"ReadAction","target":["https:\/\/www.pappalapub.at\/versand__lieferung\/"]}]},{"@type":"BreadcrumbList","@id":"https:\/\/www.pappalapub.at\/versand__lieferung\/#breadcrumb","itemListElement":[{"@type":"ListItem","position":1,"name":"Startseite","item":"https:\/\/www.pappalapub.at\/"},{"@type":"ListItem","position":2,"name":"Versand &#038; Lieferung"}]},{"@type":"WebSite","@id":"https:\/\/www.pappalapub.at\/#website","url":"https:\/\/www.pappalapub.at\/","name":"Pappala Pub | Party- und Eventlocation in Wien","description":"Party- &amp; Eventlocation + Onlineshop","publisher":{"@id":"https:\/\/www.pappalapub.at\/#organization"},"alternateName":"Pappala Pub | Dein Pub in Wien","potentialAction":[{"@type":"SearchAction","target":{"@type":"EntryPoint","urlTemplate":"https:\/\/www.pappalapub.at\/?s={search_term_string}"},"query-input":{"@type":"PropertyValueSpecification","valueRequired":true,"valueName":"search_term_string"}}],"inLanguage":"en-GB"},{"@type":["Organization","Place","BarOrPub"],"@id":"https:\/\/www.pappalapub.at\/#organization","name":"Pappala Pub","alternateName":"PPub","url":"https:\/\/www.pappalapub.at\/","logo":{"@id":"https:\/\/www.pappalapub.at\/versand__lieferung\/#local-main-organization-logo"},"image":{"@id":"https:\/\/www.pappalapub.at\/versand__lieferung\/#local-main-organization-logo"},"sameAs":["https:\/\/www.facebook.com\/PappalaPub\/","https:\/\/www.instagram.com\/pappala_pub\/","https:\/\/www.tiktok.com\/@pappala.pub"],"address":{"@id":"https:\/\/www.pappalapub.at\/versand__lieferung\/#local-main-place-address"},"geo":{"@type":"GeoCoordinates","latitude":"48.2297002","longitude":"16.3503971"},"telephone":["+4313102217"],"contactPoint":{"@type":"ContactPoint","email":"hallo@pappalapub.at"},"openingHoursSpecification":[{"@type":"OpeningHoursSpecification","dayOfWeek":["Monday","Tuesday","Wednesday","Thursday","Friday","Saturday","Sunday"],"opens":"09:00","closes":"17:00"}],"email":"hallo@pappalapub.at","taxID":"ATU71251717","priceRange":"$","currenciesAccepted":"EURO","paymentAccepted":"Cash or Card"},{"@type":"PostalAddress","@id":"https:\/\/www.pappalapub.at\/versand__lieferung\/#local-main-place-address","streetAddress":"U-Bahn Bogen 156+157","addressLocality":"Vienna","postalCode":"1090","addressCountry":"AT"},{"@type":"ImageObject","inLanguage":"en-GB","@id":"https:\/\/www.pappalapub.at\/versand__lieferung\/#local-main-organization-logo","url":"https:\/\/i0.wp.com\/www.pappalapub.at\/wp-content\/uploads\/2024\/05\/Simon-Hartberger-ppub-full-small-schwarz-rot-1.png?fit=400%2C192&ssl=1","contentUrl":"https:\/\/i0.wp.com\/www.pappalapub.at\/wp-content\/uploads\/2024\/05\/Simon-Hartberger-ppub-full-small-schwarz-rot-1.png?fit=400%2C192&ssl=1","width":400,"height":192,"caption":"Pappala Pub"}]},"geo.placename":"Vienna","geo.position":{"lat":"48.2297002","long":"16.3503971"},"geo.region":"Austria"},"jetpack_sharing_enabled":true,"_links":{"self":[{"href":"https:\/\/www.pappalapub.at\/en\/wp-json\/wp\/v2\/pages\/2562","targetHints":{"allow":["GET"]}}],"collection":[{"href":"https:\/\/www.pappalapub.at\/en\/wp-json\/wp\/v2\/pages"}],"about":[{"href":"https:\/\/www.pappalapub.at\/en\/wp-json\/wp\/v2\/types\/page"}],"author":[{"embeddable":true,"href":"https:\/\/www.pappalapub.at\/en\/wp-json\/wp\/v2\/users\/1"}],"replies":[{"embeddable":true,"href":"https:\/\/www.pappalapub.at\/en\/wp-json\/wp\/v2\/comments?post=2562"}],"version-history":[{"count":4,"href":"https:\/\/www.pappalapub.at\/en\/wp-json\/wp\/v2\/pages\/2562\/revisions"}],"predecessor-version":[{"id":2771,"href":"https:\/\/www.pappalapub.at\/en\/wp-json\/wp\/v2\/pages\/2562\/revisions\/2771"}],"wp:attachment":[{"href":"https:\/\/www.pappalapub.at\/en\/wp-json\/wp\/v2\/media?parent=2562"}],"curies":[{"name":"wp","href":"https:\/\/api.w.org\/{rel}","templated":true}]}}